{"id":78,"date":"2020-12-27T12:57:45","date_gmt":"2020-12-27T12:57:45","guid":{"rendered":"http:\/\/buerki.servertown.ch\/wordpress\/?page_id=78"},"modified":"2026-01-31T08:41:10","modified_gmt":"2026-01-31T08:41:10","slug":"kontaktinfos","status":"publish","type":"page","link":"https:\/\/mentalcoachbern.ch\/wordpress\/?page_id=78","title":{"rendered":"Kontakt"},"content":{"rendered":"<p>Bereit f\u00fcr den ersten Schritt zu mehr Klarheit und Energie? <strong>Kontaktiere mich mit deinem Anliegen<\/strong> &#8211; ich freue mich darauf, dich kennenzulernen und gemeinsam zu schauen, wie ich dich am besten unterst\u00fctzen kann:<\/p>\n<p><strong><a href=\"tel:0764488362\">Anrufen<\/a><\/strong><\/p>\n<p><strong><a href=\"mailto:coaching-you@bluewin.ch\">Schreiben<\/a><\/strong><\/p>\n<p>Termin f\u00fcr Sitzung in Bolligen <strong><a href=\"https:\/\/calendly.com\/m-c-b\/\" target=\"_blank\" rel=\"noopener\">buchen<\/a><\/strong><\/p>\n<p>Sitzungen sind sowohl <strong>Vorort wie auch online<\/strong> (<a href=\"https:\/\/meet.jit.si\/mcb\" target=\"_blank\" rel=\"noopener\">via jitsi<\/a>) m\u00f6glich<\/p>\n<p>Andr\u00e9 B\u00fcrki<br \/>\nHaldenackerweg 3 \u00a0 \u00a0 (<strong><a href=\"http:\/\/map.search.ch\/3065-bolligen\/haldenackerweg-3?z=512\" target=\"_blank\" rel=\"noopener noreferrer\">Kartenansicht<\/a><\/strong>)<br \/>\nCH-3065 Bolligen<\/p>\n<p>Mein Standort ist mit den \u00f6ffentlichen Verkehrsmitteln sehr gut erreichbar (100m bis zum <strong><a href=\"https:\/\/search.ch\/map\/Bolligen,Haldenackerweg-3?zoom=16&amp;pos=603956,202652&amp;poi_id=8de401897bf088c30c12-bus\" target=\"_blank\" rel=\"noopener\">Busstop<\/a><\/strong> ).<br \/>\nMit dem Auto sind es von der Autobahnausfahrt Wankdorf (A1\/A6) nur 3 Minuten und es stehen gen\u00fcgend Parkpl\u00e4tze zur Verf\u00fcgung.<br \/>\nF\u00fcr Kundinnen und Kunden aus den umliegenden Gemeinden Bern, Ittigen, Ostermundigen, Zollikofen, Sch\u00f6nb\u00fchl und G\u00fcmligen sowie aus Worb, Burgdorf, Lyss, M\u00fcnsingen, Belp, Wabern und K\u00f6niz ideal erreichbar f\u00fcr ein Coaching<a href=\"https:\/\/meet.jit.si\/CynicalMonkeysSingBeautifully\" target=\"_blank\" rel=\"noopener\">.<\/a><\/p>\n<p style=\"text-align: center;\">&gt;&gt;&gt; <a href=\"https:\/\/mentalcoachbern.zapier.app\/\" target=\"_blank\" rel=\"noopener\">gerne beantworte ich deine Fragen hier und jetzt<\/a> &lt;&lt;&lt;<\/p>\n<div class=\"__ogtAlert hidden\">\n<div class=\"__ogtAlertContent\">Tipp: \u00d6ffne AGB und klick auf die Erweiterung<\/div>\n<div class=\"closeButton\"><img decoding=\"async\" src=\"chrome-extension:\/\/nfdlnmhmnhmablabpdddecffgalkcpmj\/icons\/close-custom.svg\" \/><\/div>\n<\/div>\n<div id=\"gtx-trans\" style=\"position: absolute; left: 230px; top: 174.656px;\">\n<div class=\"gtx-trans-icon\"><\/div>\n<\/div>\n","protected":false},"excerpt":{"rendered":"<p>Bereit f\u00fcr den ersten Schritt zu mehr Klarheit und Energie? Kontaktiere mich mit deinem Anliegen &#8211; ich freue mich darauf, dich kennenzulernen und gemeinsam zu &hellip;<\/p>\n","protected":false},"author":1,"featured_media":888,"parent":0,"menu_order":3,"comment_status":"closed","ping_status":"closed","template":"","meta":{"footnotes":""},"class_list":["post-78","page","type-page","status-publish","has-post-thumbnail","hentry"],"yoast_head":"<!-- This site is optimized with the Yoast SEO plugin v27.5 - https:\/\/yoast.com\/product\/yoast-seo-wordpress\/ -->\n<title>Kontakt via Telefon, email oder online Sitzung buchen<\/title>\n<meta name=\"description\" content=\"Kontaktinformationen f\u00fcr Anfragen und Termine k\u00f6nnen telefonisch, per Email oder direkt online verwendet werden.\" \/>\n<meta name=\"robots\" content=\"index, follow, max-snippet:-1, max-image-preview:large, max-video-preview:-1\" \/>\n<link rel=\"canonical\" href=\"https:\/\/mentalcoachbern.ch\/wordpress\/?page_id=78\" \/>\n<meta property=\"og:locale\" content=\"de_DE\" \/>\n<meta property=\"og:type\" content=\"article\" \/>\n<meta property=\"og:title\" content=\"Kontakt via Telefon, email oder online Sitzung buchen\" \/>\n<meta property=\"og:description\" content=\"Kontaktinformationen f\u00fcr Anfragen und Termine k\u00f6nnen telefonisch, per Email oder direkt online verwendet werden.\" \/>\n<meta property=\"og:url\" content=\"https:\/\/mentalcoachbern.ch\/wordpress\/?page_id=78\" \/>\n<meta property=\"og:site_name\" content=\"MENTALCOACHBERN\" \/>\n<meta property=\"article:modified_time\" content=\"2026-01-31T08:41:10+00:00\" \/>\n<meta property=\"og:image\" content=\"https:\/\/mentalcoachbern.ch\/wordpress\/wp-content\/uploads\/2018\/06\/mcb_sand2.png\" \/>\n\t<meta property=\"og:image:width\" content=\"778\" \/>\n\t<meta property=\"og:image:height\" content=\"519\" \/>\n\t<meta property=\"og:image:type\" content=\"image\/png\" \/>\n<meta name=\"twitter:label1\" content=\"Gesch\u00e4tzte Lesezeit\" \/>\n\t<meta name=\"twitter:data1\" content=\"2\u00a0Minuten\" \/>\n<script type=\"application\/ld+json\" class=\"yoast-schema-graph\">{\"@context\":\"https:\\\/\\\/schema.org\",\"@graph\":[{\"@type\":\"WebPage\",\"@id\":\"https:\\\/\\\/mentalcoachbern.ch\\\/wordpress\\\/?page_id=78\",\"url\":\"https:\\\/\\\/mentalcoachbern.ch\\\/wordpress\\\/?page_id=78\",\"name\":\"Kontakt via Telefon, email oder online Sitzung buchen\",\"isPartOf\":{\"@id\":\"https:\\\/\\\/mentalcoachbern.ch\\\/wordpress\\\/#website\"},\"primaryImageOfPage\":{\"@id\":\"https:\\\/\\\/mentalcoachbern.ch\\\/wordpress\\\/?page_id=78#primaryimage\"},\"image\":{\"@id\":\"https:\\\/\\\/mentalcoachbern.ch\\\/wordpress\\\/?page_id=78#primaryimage\"},\"thumbnailUrl\":\"https:\\\/\\\/mentalcoachbern.ch\\\/wordpress\\\/wp-content\\\/uploads\\\/2018\\\/06\\\/mcb_sand2.png\",\"datePublished\":\"2020-12-27T12:57:45+00:00\",\"dateModified\":\"2026-01-31T08:41:10+00:00\",\"description\":\"Kontaktinformationen f\u00fcr Anfragen und Termine k\u00f6nnen telefonisch, per Email oder direkt online verwendet werden.\",\"breadcrumb\":{\"@id\":\"https:\\\/\\\/mentalcoachbern.ch\\\/wordpress\\\/?page_id=78#breadcrumb\"},\"inLanguage\":\"de\",\"potentialAction\":[{\"@type\":\"ReadAction\",\"target\":[\"https:\\\/\\\/mentalcoachbern.ch\\\/wordpress\\\/?page_id=78\"]}]},{\"@type\":\"ImageObject\",\"inLanguage\":\"de\",\"@id\":\"https:\\\/\\\/mentalcoachbern.ch\\\/wordpress\\\/?page_id=78#primaryimage\",\"url\":\"https:\\\/\\\/mentalcoachbern.ch\\\/wordpress\\\/wp-content\\\/uploads\\\/2018\\\/06\\\/mcb_sand2.png\",\"contentUrl\":\"https:\\\/\\\/mentalcoachbern.ch\\\/wordpress\\\/wp-content\\\/uploads\\\/2018\\\/06\\\/mcb_sand2.png\",\"width\":778,\"height\":519},{\"@type\":\"BreadcrumbList\",\"@id\":\"https:\\\/\\\/mentalcoachbern.ch\\\/wordpress\\\/?page_id=78#breadcrumb\",\"itemListElement\":[{\"@type\":\"ListItem\",\"position\":1,\"name\":\"Home\",\"item\":\"https:\\\/\\\/mentalcoachbern.ch\\\/wordpress\\\/\"},{\"@type\":\"ListItem\",\"position\":2,\"name\":\"Kontakt\"}]},{\"@type\":\"WebSite\",\"@id\":\"https:\\\/\\\/mentalcoachbern.ch\\\/wordpress\\\/#website\",\"url\":\"https:\\\/\\\/mentalcoachbern.ch\\\/wordpress\\\/\",\"name\":\"MENTALCOACHBERN\",\"description\":\"Erfolg beginnt im Kopf - nutze dein volles Potential\",\"publisher\":{\"@id\":\"https:\\\/\\\/mentalcoachbern.ch\\\/wordpress\\\/#organization\"},\"alternateName\":\"Dein Mentalcoach in Bern\",\"potentialAction\":[{\"@type\":\"SearchAction\",\"target\":{\"@type\":\"EntryPoint\",\"urlTemplate\":\"https:\\\/\\\/mentalcoachbern.ch\\\/wordpress\\\/?s={search_term_string}\"},\"query-input\":{\"@type\":\"PropertyValueSpecification\",\"valueRequired\":true,\"valueName\":\"search_term_string\"}}],\"inLanguage\":\"de\"},{\"@type\":\"Organization\",\"@id\":\"https:\\\/\\\/mentalcoachbern.ch\\\/wordpress\\\/#organization\",\"name\":\"MENTALCOACHBERN\",\"alternateName\":\"Finde deinen Weg\",\"url\":\"https:\\\/\\\/mentalcoachbern.ch\\\/wordpress\\\/\",\"logo\":{\"@type\":\"ImageObject\",\"inLanguage\":\"de\",\"@id\":\"https:\\\/\\\/mentalcoachbern.ch\\\/wordpress\\\/#\\\/schema\\\/logo\\\/image\\\/\",\"url\":\"https:\\\/\\\/mentalcoachbern.ch\\\/wordpress\\\/wp-content\\\/uploads\\\/2021\\\/04\\\/ab_mcb1.png\",\"contentUrl\":\"https:\\\/\\\/mentalcoachbern.ch\\\/wordpress\\\/wp-content\\\/uploads\\\/2021\\\/04\\\/ab_mcb1.png\",\"width\":170,\"height\":203,\"caption\":\"MENTALCOACHBERN\"},\"image\":{\"@id\":\"https:\\\/\\\/mentalcoachbern.ch\\\/wordpress\\\/#\\\/schema\\\/logo\\\/image\\\/\"},\"sameAs\":[\"https:\\\/\\\/www.youtube.com\\\/watch?v=8uFwDTS6rEk\",\"https:\\\/\\\/www.linkedin.com\\\/in\\\/andr-brki-607909b2\\\/\"]}]}<\/script>\n<!-- \/ Yoast SEO plugin. -->","yoast_head_json":{"title":"Kontakt via Telefon, email oder online Sitzung buchen","description":"Kontaktinformationen f\u00fcr Anfragen und Termine k\u00f6nnen telefonisch, per Email oder direkt online verwendet werden.","robots":{"index":"index","follow":"follow","max-snippet":"max-snippet:-1","max-image-preview":"max-image-preview:large","max-video-preview":"max-video-preview:-1"},"canonical":"https:\/\/mentalcoachbern.ch\/wordpress\/?page_id=78","og_locale":"de_DE","og_type":"article","og_title":"Kontakt via Telefon, email oder online Sitzung buchen","og_description":"Kontaktinformationen f\u00fcr Anfragen und Termine k\u00f6nnen telefonisch, per Email oder direkt online verwendet werden.","og_url":"https:\/\/mentalcoachbern.ch\/wordpress\/?page_id=78","og_site_name":"MENTALCOACHBERN","article_modified_time":"2026-01-31T08:41:10+00:00","og_image":[{"width":778,"height":519,"url":"https:\/\/mentalcoachbern.ch\/wordpress\/wp-content\/uploads\/2018\/06\/mcb_sand2.png","type":"image\/png"}],"twitter_misc":{"Gesch\u00e4tzte Lesezeit":"2\u00a0Minuten"},"schema":{"@context":"https:\/\/schema.org","@graph":[{"@type":"WebPage","@id":"https:\/\/mentalcoachbern.ch\/wordpress\/?page_id=78","url":"https:\/\/mentalcoachbern.ch\/wordpress\/?page_id=78","name":"Kontakt via Telefon, email oder online Sitzung buchen","isPartOf":{"@id":"https:\/\/mentalcoachbern.ch\/wordpress\/#website"},"primaryImageOfPage":{"@id":"https:\/\/mentalcoachbern.ch\/wordpress\/?page_id=78#primaryimage"},"image":{"@id":"https:\/\/mentalcoachbern.ch\/wordpress\/?page_id=78#primaryimage"},"thumbnailUrl":"https:\/\/mentalcoachbern.ch\/wordpress\/wp-content\/uploads\/2018\/06\/mcb_sand2.png","datePublished":"2020-12-27T12:57:45+00:00","dateModified":"2026-01-31T08:41:10+00:00","description":"Kontaktinformationen f\u00fcr Anfragen und Termine k\u00f6nnen telefonisch, per Email oder direkt online verwendet werden.","breadcrumb":{"@id":"https:\/\/mentalcoachbern.ch\/wordpress\/?page_id=78#breadcrumb"},"inLanguage":"de","potentialAction":[{"@type":"ReadAction","target":["https:\/\/mentalcoachbern.ch\/wordpress\/?page_id=78"]}]},{"@type":"ImageObject","inLanguage":"de","@id":"https:\/\/mentalcoachbern.ch\/wordpress\/?page_id=78#primaryimage","url":"https:\/\/mentalcoachbern.ch\/wordpress\/wp-content\/uploads\/2018\/06\/mcb_sand2.png","contentUrl":"https:\/\/mentalcoachbern.ch\/wordpress\/wp-content\/uploads\/2018\/06\/mcb_sand2.png","width":778,"height":519},{"@type":"BreadcrumbList","@id":"https:\/\/mentalcoachbern.ch\/wordpress\/?page_id=78#breadcrumb","itemListElement":[{"@type":"ListItem","position":1,"name":"Home","item":"https:\/\/mentalcoachbern.ch\/wordpress\/"},{"@type":"ListItem","position":2,"name":"Kontakt"}]},{"@type":"WebSite","@id":"https:\/\/mentalcoachbern.ch\/wordpress\/#website","url":"https:\/\/mentalcoachbern.ch\/wordpress\/","name":"MENTALCOACHBERN","description":"Erfolg beginnt im Kopf - nutze dein volles Potential","publisher":{"@id":"https:\/\/mentalcoachbern.ch\/wordpress\/#organization"},"alternateName":"Dein Mentalcoach in Bern","potentialAction":[{"@type":"SearchAction","target":{"@type":"EntryPoint","urlTemplate":"https:\/\/mentalcoachbern.ch\/wordpress\/?s={search_term_string}"},"query-input":{"@type":"PropertyValueSpecification","valueRequired":true,"valueName":"search_term_string"}}],"inLanguage":"de"},{"@type":"Organization","@id":"https:\/\/mentalcoachbern.ch\/wordpress\/#organization","name":"MENTALCOACHBERN","alternateName":"Finde deinen Weg","url":"https:\/\/mentalcoachbern.ch\/wordpress\/","logo":{"@type":"ImageObject","inLanguage":"de","@id":"https:\/\/mentalcoachbern.ch\/wordpress\/#\/schema\/logo\/image\/","url":"https:\/\/mentalcoachbern.ch\/wordpress\/wp-content\/uploads\/2021\/04\/ab_mcb1.png","contentUrl":"https:\/\/mentalcoachbern.ch\/wordpress\/wp-content\/uploads\/2021\/04\/ab_mcb1.png","width":170,"height":203,"caption":"MENTALCOACHBERN"},"image":{"@id":"https:\/\/mentalcoachbern.ch\/wordpress\/#\/schema\/logo\/image\/"},"sameAs":["https:\/\/www.youtube.com\/watch?v=8uFwDTS6rEk","https:\/\/www.linkedin.com\/in\/andr-brki-607909b2\/"]}]}},"_links":{"self":[{"href":"https:\/\/mentalcoachbern.ch\/wordpress\/index.php?rest_route=\/wp\/v2\/pages\/78","targetHints":{"allow":["GET"]}}],"collection":[{"href":"https:\/\/mentalcoachbern.ch\/wordpress\/index.php?rest_route=\/wp\/v2\/pages"}],"about":[{"href":"https:\/\/mentalcoachbern.ch\/wordpress\/index.php?rest_route=\/wp\/v2\/types\/page"}],"author":[{"embeddable":true,"href":"https:\/\/mentalcoachbern.ch\/wordpress\/index.php?rest_route=\/wp\/v2\/users\/1"}],"replies":[{"embeddable":true,"href":"https:\/\/mentalcoachbern.ch\/wordpress\/index.php?rest_route=%2Fwp%2Fv2%2Fcomments&post=78"}],"version-history":[{"count":86,"href":"https:\/\/mentalcoachbern.ch\/wordpress\/index.php?rest_route=\/wp\/v2\/pages\/78\/revisions"}],"predecessor-version":[{"id":2522,"href":"https:\/\/mentalcoachbern.ch\/wordpress\/index.php?rest_route=\/wp\/v2\/pages\/78\/revisions\/2522"}],"wp:featuredmedia":[{"embeddable":true,"href":"https:\/\/mentalcoachbern.ch\/wordpress\/index.php?rest_route=\/wp\/v2\/media\/888"}],"wp:attachment":[{"href":"https:\/\/mentalcoachbern.ch\/wordpress\/index.php?rest_route=%2Fwp%2Fv2%2Fmedia&parent=78"}],"curies":[{"name":"wp","href":"https:\/\/api.w.org\/{rel}","templated":true}]}}