{"id":234,"date":"2014-10-23T12:10:55","date_gmt":"2014-10-23T12:10:55","guid":{"rendered":"http:\/\/buerki.servertown.ch\/wordpress\/?page_id=234"},"modified":"2025-07-26T06:38:24","modified_gmt":"2025-07-26T06:38:24","slug":"preis-uebersicht","status":"publish","type":"page","link":"https:\/\/mentalcoachbern.ch\/wordpress\/?page_id=234","title":{"rendered":"Preise &#8211; deine Investition"},"content":{"rendered":"\n<p>Ich lege gro\u00dfen Wert auf <strong>Klarheit und Transparenz<\/strong> bei meinen Preisen, damit Du genau weisst, worauf Du dich einstellen kannst. Meine Preisgestaltung ist fair und spiegelt die Qualit\u00e4t und den Wert wider, die in <strong>meine Arbeit inklusive Vor- und Nachbereitung<\/strong> flie\u00dfen, um Dir die <strong>bestm\u00f6glichen Ergebnisse<\/strong> zu liefern.<br>Nimm dir gerne einen Moment Zeit, um dich mit meinen Konditionen vertraut zu machen. Solltest Du Fragen haben, stehe ich Dir jederzeit gerne zur Verf\u00fcgung, um diese zu beantworten. <br>Ich freue mich darauf, dich bald als Kunden begr\u00fc\u00dfen zu d\u00fcrfen!<\/p>\n\n\n<h3>\u00a0<\/h3>\n<table style=\"height: 126px;\" width=\"703\">\n<tbody>\n<tr>\n<td width=\"225\"><strong>Dienstleistung<\/strong><\/td>\n<td width=\"185\"><strong>Dauer<\/strong><\/td>\n<td width=\"205\"><strong>Preise<\/strong><\/td>\n<\/tr>\n<tr>\n<td width=\"225\">Klassisches und Mentales Coaching<\/td>\n<td width=\"185\">1h<\/td>\n<td width=\"205\">CHF 200.-<\/td>\n<\/tr>\n<tr>\n<td width=\"225\">Business Coaching<\/td>\n<td width=\"185\">nach individuellem Konzept<\/td>\n<td width=\"205\">gem\u00e4ss Offerte<\/td>\n<\/tr>\n<tr>\n<td width=\"225\">\u00a0<\/td>\n<td width=\"185\">\u00a0<\/td>\n<td width=\"205\">\u00a0<\/td>\n<\/tr>\n<tr>\n<td width=\"225\">\u00a0<\/td>\n<td width=\"185\">\u00a0<\/td>\n<td width=\"205\">\u00a0<\/td>\n<\/tr>\n<\/tbody>\n<\/table>\n<p>Unsere Sitzungen (auch online via jitsi) k\u00f6nnen <strong>nicht \u00fcber die Krankenkasse abgerechnet<\/strong> werden und sind jeweils <strong>in bar oder via twint<\/strong>, respektive f\u00fcr Business Coaching gem\u00e4ss Offerte zu begleichen.<br \/>Die Investition in deine Zukunft und die positiven Ver\u00e4nderungen machen sich im Alltag schnell bezahlt.<\/p>\n<p>Ich freue mich auf deine unverbindliche Anfrage.<\/p>\n<p>Bitte beachte, dass <strong>vereinbarte Sitzungen<\/strong>, die <strong>weniger als 24 Stunden vor dem vereinbarten Termin abgesagt<\/strong> werden, <strong>in Rechnung gestellt<\/strong> werden m\u00fcssen.<\/p>\n<p style=\"text-align: center;\"><strong><em>&#8222;Wer will findet Wege, wer nicht will, findet Gr\u00fcnde&#8220;<\/em><\/strong><\/p>","protected":false},"excerpt":{"rendered":"<p>Ich lege gro\u00dfen Wert auf Klarheit und Transparenz bei meinen Preisen, damit Du genau weisst, worauf Du dich einstellen kannst. Meine Preisgestaltung ist fair und &hellip;<\/p>\n","protected":false},"author":1,"featured_media":888,"parent":78,"menu_order":1,"comment_status":"closed","ping_status":"closed","template":"","meta":{"footnotes":""},"class_list":["post-234","page","type-page","status-publish","has-post-thumbnail","hentry"],"yoast_head":"<!-- This site is optimized with the Yoast SEO plugin v27.5 - https:\/\/yoast.com\/product\/yoast-seo-wordpress\/ -->\n<title>Preise - deine Investition - MENTALCOACHBERN %<\/title>\n<meta name=\"description\" content=\"\u00dcbersicht der Kosten und Preise f\u00fcr meiner Dienstleistungen als Mentalcoach.\" \/>\n<meta name=\"robots\" content=\"index, follow, max-snippet:-1, max-image-preview:large, max-video-preview:-1\" \/>\n<link rel=\"canonical\" href=\"https:\/\/mentalcoachbern.ch\/wordpress\/?page_id=234\" \/>\n<meta property=\"og:locale\" content=\"de_DE\" \/>\n<meta property=\"og:type\" content=\"article\" \/>\n<meta property=\"og:title\" content=\"Preise - deine Investition - MENTALCOACHBERN %\" \/>\n<meta property=\"og:description\" content=\"\u00dcbersicht der Kosten und Preise f\u00fcr meiner Dienstleistungen als Mentalcoach.\" \/>\n<meta property=\"og:url\" content=\"https:\/\/mentalcoachbern.ch\/wordpress\/?page_id=234\" \/>\n<meta property=\"og:site_name\" content=\"MENTALCOACHBERN\" \/>\n<meta property=\"article:modified_time\" content=\"2025-07-26T06:38:24+00:00\" \/>\n<meta property=\"og:image\" content=\"https:\/\/mentalcoachbern.ch\/wordpress\/wp-content\/uploads\/2018\/06\/mcb_sand2.png\" \/>\n\t<meta property=\"og:image:width\" content=\"778\" \/>\n\t<meta property=\"og:image:height\" content=\"519\" \/>\n\t<meta property=\"og:image:type\" content=\"image\/png\" \/>\n<meta name=\"twitter:label1\" content=\"Gesch\u00e4tzte Lesezeit\" \/>\n\t<meta name=\"twitter:data1\" content=\"2\u00a0Minuten\" \/>\n<script type=\"application\/ld+json\" class=\"yoast-schema-graph\">{\"@context\":\"https:\\\/\\\/schema.org\",\"@graph\":[{\"@type\":\"WebPage\",\"@id\":\"https:\\\/\\\/mentalcoachbern.ch\\\/wordpress\\\/?page_id=234\",\"url\":\"https:\\\/\\\/mentalcoachbern.ch\\\/wordpress\\\/?page_id=234\",\"name\":\"Preise - deine Investition - MENTALCOACHBERN %\",\"isPartOf\":{\"@id\":\"https:\\\/\\\/mentalcoachbern.ch\\\/wordpress\\\/#website\"},\"primaryImageOfPage\":{\"@id\":\"https:\\\/\\\/mentalcoachbern.ch\\\/wordpress\\\/?page_id=234#primaryimage\"},\"image\":{\"@id\":\"https:\\\/\\\/mentalcoachbern.ch\\\/wordpress\\\/?page_id=234#primaryimage\"},\"thumbnailUrl\":\"https:\\\/\\\/mentalcoachbern.ch\\\/wordpress\\\/wp-content\\\/uploads\\\/2018\\\/06\\\/mcb_sand2.png\",\"datePublished\":\"2014-10-23T12:10:55+00:00\",\"dateModified\":\"2025-07-26T06:38:24+00:00\",\"description\":\"\u00dcbersicht der Kosten und Preise f\u00fcr meiner Dienstleistungen als Mentalcoach.\",\"breadcrumb\":{\"@id\":\"https:\\\/\\\/mentalcoachbern.ch\\\/wordpress\\\/?page_id=234#breadcrumb\"},\"inLanguage\":\"de\",\"potentialAction\":[{\"@type\":\"ReadAction\",\"target\":[\"https:\\\/\\\/mentalcoachbern.ch\\\/wordpress\\\/?page_id=234\"]}]},{\"@type\":\"ImageObject\",\"inLanguage\":\"de\",\"@id\":\"https:\\\/\\\/mentalcoachbern.ch\\\/wordpress\\\/?page_id=234#primaryimage\",\"url\":\"https:\\\/\\\/mentalcoachbern.ch\\\/wordpress\\\/wp-content\\\/uploads\\\/2018\\\/06\\\/mcb_sand2.png\",\"contentUrl\":\"https:\\\/\\\/mentalcoachbern.ch\\\/wordpress\\\/wp-content\\\/uploads\\\/2018\\\/06\\\/mcb_sand2.png\",\"width\":778,\"height\":519},{\"@type\":\"BreadcrumbList\",\"@id\":\"https:\\\/\\\/mentalcoachbern.ch\\\/wordpress\\\/?page_id=234#breadcrumb\",\"itemListElement\":[{\"@type\":\"ListItem\",\"position\":1,\"name\":\"Home\",\"item\":\"https:\\\/\\\/mentalcoachbern.ch\\\/wordpress\\\/\"},{\"@type\":\"ListItem\",\"position\":2,\"name\":\"Kontakt\",\"item\":\"https:\\\/\\\/mentalcoachbern.ch\\\/wordpress\\\/?page_id=78\"},{\"@type\":\"ListItem\",\"position\":3,\"name\":\"Preise &#8211; deine Investition\"}]},{\"@type\":\"WebSite\",\"@id\":\"https:\\\/\\\/mentalcoachbern.ch\\\/wordpress\\\/#website\",\"url\":\"https:\\\/\\\/mentalcoachbern.ch\\\/wordpress\\\/\",\"name\":\"MENTALCOACHBERN\",\"description\":\"Erfolg beginnt im Kopf - nutze dein volles Potential\",\"publisher\":{\"@id\":\"https:\\\/\\\/mentalcoachbern.ch\\\/wordpress\\\/#organization\"},\"alternateName\":\"Dein Mentalcoach in Bern\",\"potentialAction\":[{\"@type\":\"SearchAction\",\"target\":{\"@type\":\"EntryPoint\",\"urlTemplate\":\"https:\\\/\\\/mentalcoachbern.ch\\\/wordpress\\\/?s={search_term_string}\"},\"query-input\":{\"@type\":\"PropertyValueSpecification\",\"valueRequired\":true,\"valueName\":\"search_term_string\"}}],\"inLanguage\":\"de\"},{\"@type\":\"Organization\",\"@id\":\"https:\\\/\\\/mentalcoachbern.ch\\\/wordpress\\\/#organization\",\"name\":\"MENTALCOACHBERN\",\"alternateName\":\"Finde deinen Weg\",\"url\":\"https:\\\/\\\/mentalcoachbern.ch\\\/wordpress\\\/\",\"logo\":{\"@type\":\"ImageObject\",\"inLanguage\":\"de\",\"@id\":\"https:\\\/\\\/mentalcoachbern.ch\\\/wordpress\\\/#\\\/schema\\\/logo\\\/image\\\/\",\"url\":\"https:\\\/\\\/mentalcoachbern.ch\\\/wordpress\\\/wp-content\\\/uploads\\\/2021\\\/04\\\/ab_mcb1.png\",\"contentUrl\":\"https:\\\/\\\/mentalcoachbern.ch\\\/wordpress\\\/wp-content\\\/uploads\\\/2021\\\/04\\\/ab_mcb1.png\",\"width\":170,\"height\":203,\"caption\":\"MENTALCOACHBERN\"},\"image\":{\"@id\":\"https:\\\/\\\/mentalcoachbern.ch\\\/wordpress\\\/#\\\/schema\\\/logo\\\/image\\\/\"},\"sameAs\":[\"https:\\\/\\\/www.youtube.com\\\/watch?v=8uFwDTS6rEk\",\"https:\\\/\\\/www.linkedin.com\\\/in\\\/andr-brki-607909b2\\\/\"]}]}<\/script>\n<!-- \/ Yoast SEO plugin. -->","yoast_head_json":{"title":"Preise - deine Investition - MENTALCOACHBERN %","description":"\u00dcbersicht der Kosten und Preise f\u00fcr meiner Dienstleistungen als Mentalcoach.","robots":{"index":"index","follow":"follow","max-snippet":"max-snippet:-1","max-image-preview":"max-image-preview:large","max-video-preview":"max-video-preview:-1"},"canonical":"https:\/\/mentalcoachbern.ch\/wordpress\/?page_id=234","og_locale":"de_DE","og_type":"article","og_title":"Preise - deine Investition - MENTALCOACHBERN %","og_description":"\u00dcbersicht der Kosten und Preise f\u00fcr meiner Dienstleistungen als Mentalcoach.","og_url":"https:\/\/mentalcoachbern.ch\/wordpress\/?page_id=234","og_site_name":"MENTALCOACHBERN","article_modified_time":"2025-07-26T06:38:24+00:00","og_image":[{"width":778,"height":519,"url":"https:\/\/mentalcoachbern.ch\/wordpress\/wp-content\/uploads\/2018\/06\/mcb_sand2.png","type":"image\/png"}],"twitter_misc":{"Gesch\u00e4tzte Lesezeit":"2\u00a0Minuten"},"schema":{"@context":"https:\/\/schema.org","@graph":[{"@type":"WebPage","@id":"https:\/\/mentalcoachbern.ch\/wordpress\/?page_id=234","url":"https:\/\/mentalcoachbern.ch\/wordpress\/?page_id=234","name":"Preise - deine Investition - MENTALCOACHBERN %","isPartOf":{"@id":"https:\/\/mentalcoachbern.ch\/wordpress\/#website"},"primaryImageOfPage":{"@id":"https:\/\/mentalcoachbern.ch\/wordpress\/?page_id=234#primaryimage"},"image":{"@id":"https:\/\/mentalcoachbern.ch\/wordpress\/?page_id=234#primaryimage"},"thumbnailUrl":"https:\/\/mentalcoachbern.ch\/wordpress\/wp-content\/uploads\/2018\/06\/mcb_sand2.png","datePublished":"2014-10-23T12:10:55+00:00","dateModified":"2025-07-26T06:38:24+00:00","description":"\u00dcbersicht der Kosten und Preise f\u00fcr meiner Dienstleistungen als Mentalcoach.","breadcrumb":{"@id":"https:\/\/mentalcoachbern.ch\/wordpress\/?page_id=234#breadcrumb"},"inLanguage":"de","potentialAction":[{"@type":"ReadAction","target":["https:\/\/mentalcoachbern.ch\/wordpress\/?page_id=234"]}]},{"@type":"ImageObject","inLanguage":"de","@id":"https:\/\/mentalcoachbern.ch\/wordpress\/?page_id=234#primaryimage","url":"https:\/\/mentalcoachbern.ch\/wordpress\/wp-content\/uploads\/2018\/06\/mcb_sand2.png","contentUrl":"https:\/\/mentalcoachbern.ch\/wordpress\/wp-content\/uploads\/2018\/06\/mcb_sand2.png","width":778,"height":519},{"@type":"BreadcrumbList","@id":"https:\/\/mentalcoachbern.ch\/wordpress\/?page_id=234#breadcrumb","itemListElement":[{"@type":"ListItem","position":1,"name":"Home","item":"https:\/\/mentalcoachbern.ch\/wordpress\/"},{"@type":"ListItem","position":2,"name":"Kontakt","item":"https:\/\/mentalcoachbern.ch\/wordpress\/?page_id=78"},{"@type":"ListItem","position":3,"name":"Preise &#8211; deine Investition"}]},{"@type":"WebSite","@id":"https:\/\/mentalcoachbern.ch\/wordpress\/#website","url":"https:\/\/mentalcoachbern.ch\/wordpress\/","name":"MENTALCOACHBERN","description":"Erfolg beginnt im Kopf - nutze dein volles Potential","publisher":{"@id":"https:\/\/mentalcoachbern.ch\/wordpress\/#organization"},"alternateName":"Dein Mentalcoach in Bern","potentialAction":[{"@type":"SearchAction","target":{"@type":"EntryPoint","urlTemplate":"https:\/\/mentalcoachbern.ch\/wordpress\/?s={search_term_string}"},"query-input":{"@type":"PropertyValueSpecification","valueRequired":true,"valueName":"search_term_string"}}],"inLanguage":"de"},{"@type":"Organization","@id":"https:\/\/mentalcoachbern.ch\/wordpress\/#organization","name":"MENTALCOACHBERN","alternateName":"Finde deinen Weg","url":"https:\/\/mentalcoachbern.ch\/wordpress\/","logo":{"@type":"ImageObject","inLanguage":"de","@id":"https:\/\/mentalcoachbern.ch\/wordpress\/#\/schema\/logo\/image\/","url":"https:\/\/mentalcoachbern.ch\/wordpress\/wp-content\/uploads\/2021\/04\/ab_mcb1.png","contentUrl":"https:\/\/mentalcoachbern.ch\/wordpress\/wp-content\/uploads\/2021\/04\/ab_mcb1.png","width":170,"height":203,"caption":"MENTALCOACHBERN"},"image":{"@id":"https:\/\/mentalcoachbern.ch\/wordpress\/#\/schema\/logo\/image\/"},"sameAs":["https:\/\/www.youtube.com\/watch?v=8uFwDTS6rEk","https:\/\/www.linkedin.com\/in\/andr-brki-607909b2\/"]}]}},"_links":{"self":[{"href":"https:\/\/mentalcoachbern.ch\/wordpress\/index.php?rest_route=\/wp\/v2\/pages\/234","targetHints":{"allow":["GET"]}}],"collection":[{"href":"https:\/\/mentalcoachbern.ch\/wordpress\/index.php?rest_route=\/wp\/v2\/pages"}],"about":[{"href":"https:\/\/mentalcoachbern.ch\/wordpress\/index.php?rest_route=\/wp\/v2\/types\/page"}],"author":[{"embeddable":true,"href":"https:\/\/mentalcoachbern.ch\/wordpress\/index.php?rest_route=\/wp\/v2\/users\/1"}],"replies":[{"embeddable":true,"href":"https:\/\/mentalcoachbern.ch\/wordpress\/index.php?rest_route=%2Fwp%2Fv2%2Fcomments&post=234"}],"version-history":[{"count":25,"href":"https:\/\/mentalcoachbern.ch\/wordpress\/index.php?rest_route=\/wp\/v2\/pages\/234\/revisions"}],"predecessor-version":[{"id":2301,"href":"https:\/\/mentalcoachbern.ch\/wordpress\/index.php?rest_route=\/wp\/v2\/pages\/234\/revisions\/2301"}],"up":[{"embeddable":true,"href":"https:\/\/mentalcoachbern.ch\/wordpress\/index.php?rest_route=\/wp\/v2\/pages\/78"}],"wp:featuredmedia":[{"embeddable":true,"href":"https:\/\/mentalcoachbern.ch\/wordpress\/index.php?rest_route=\/wp\/v2\/media\/888"}],"wp:attachment":[{"href":"https:\/\/mentalcoachbern.ch\/wordpress\/index.php?rest_route=%2Fwp%2Fv2%2Fmedia&parent=234"}],"curies":[{"name":"wp","href":"https:\/\/api.w.org\/{rel}","templated":true}]}}