{"id":1959,"date":"2024-09-28T06:46:23","date_gmt":"2024-09-28T06:46:23","guid":{"rendered":"https:\/\/mentalcoachbern.ch\/wordpress\/?page_id=1959"},"modified":"2025-12-09T05:48:39","modified_gmt":"2025-12-09T05:48:39","slug":"mache-deine-idee-zu-deinem-business-mit-einem-coaching","status":"publish","type":"page","link":"https:\/\/mentalcoachbern.ch\/wordpress\/?page_id=1959","title":{"rendered":"Eigenes Business aufbauen"},"content":{"rendered":"\n<h2 class=\"wp-block-heading\">Dein Traum vom eigenen Business: So startest Du erfolgreich durch!<\/h2>\n\n\n\n<p>Viele Menschen tr\u00e4umen davon, ihre Leidenschaft zum Beruf zu machen, doch der Schritt in die Selbstst\u00e4ndigkeit kann \u00fcberw\u00e4ltigend wirken. F\u00fchlst Du dich unsicher, wenn es darum geht, deine <strong>Gesch\u00e4ftsidee in die Realit\u00e4t umzusetzen<\/strong> oder den richtigen Startpunkt zu finden?<\/p>\n\n\n\n<p>Das Leben ist zu kurz, um deine Tr\u00e4ume aufzuschieben. Lasse uns gemeinsam den Weg ebnen, damit Du nicht l\u00e4nger im \u201eHamsterrad\u201d feststeckst, sondern <strong>deine beruflichen Visionen verwirklichen<\/strong> kannst.<\/p>\n\n\n\n<p>Mit meiner langj\u00e4hrigen Erfahrung begleite ich Dich pers\u00f6nlich dabei, deine Ideen in ein tragf\u00e4higes Konzept zu fassen und die <strong>Grundlage f\u00fcr dein erfolgreiches Unternehmen<\/strong> zu legen.<\/p>\n\n\n\n<p><strong>Dein Fahrplan zum erfolgreichen Start \u2013 Schritt f\u00fcr Schritt:<\/strong><br>Ich helfe dir, deine Ideen und Tr\u00e4ume in ein konkretes Konzept zu fassen und die Basis f\u00fcr dein eigenes Unternehmen zu schaffen. Dazu widmen wir uns gemeinsam folgenden Themen:<\/p>\n\n\n\n<ul class=\"wp-block-list\">\n<li><strong>deine Gesch\u00e4ftsidee sch\u00e4rfen: <\/strong>Wir definieren ein Produkt oder eine Dienstleistung, die perfekt zu dir passt und deine Leidenschaft widerspiegelt. Finde deine <strong>Einzigartigkeit im Markt.<\/strong><\/li>\n\n\n\n<li><strong>Marktpotenzial erkennen:<\/strong> Wir untersuchen, ob es einen echten Bedarf f\u00fcr dein Angebot gibt und wer deine idealen Kunden sind. So stellst du sicher, dass dein Business auf fruchtbaren Boden f\u00e4llt und eine <strong>echte Nachfrage bedient.<\/strong><\/li>\n\n\n\n<li><strong>Businessplan entwickeln:<\/strong> Wir erarbeiten einen soliden Plan, der die richtige Rechtsform, deine Marketingstrategie und einen realistischen Finanzplan umfasst. Das gibt dir und deinen<strong> Banken und Investoren Klarheit und Sicherheit.<\/strong><\/li>\n\n\n\n<li><strong>Effiziente Organisation aufbauen:<\/strong> Wir optimieren deine internen Prozesse und identifizieren Aufgaben, die Du automatisieren kannst. So gewinnst Du <strong>wertvolle Zeit und minimierst unn\u00f6tigen Aufwand.<\/strong><\/li>\n\n\n\n<li>Ich erkkl\u00e4re dir, wie Du auch <strong>komplexe Projekte<\/strong> mit der frei verf\u00fcgbaren und von mir weiterentwickelten <strong><a href=\"https:\/\/www.hermes.admin.ch\/\" target=\"_blank\" rel=\"noreferrer noopener\">Projektmanagement Methode HERMES<\/a><\/strong> <strong>einfach und erfolgreich abwicklen<\/strong> kannst.<\/li>\n\n\n\n<li>Ich zeige dir, wie Du ein <strong>strategisches Netzwerk kn\u00fcpfen<\/strong> kannst, um deine Reichweite zu erh\u00f6hen und dich noch besser am Markt zu positionieren kannst. Erweitere deine <strong>M\u00f6glichkeiten und gewinne wertvolle Partner.<\/strong><\/li>\n<\/ul>\n\n\n\n<p><strong>Bist Du bereit f\u00fcr mehr Freiheit und finanzielle Unabh\u00e4ngigkeit?<br><\/strong>M\u00f6chtest Du endlich <strong>mehr Zeit f\u00fcr die wichtigen Dinge im Leben haben<\/strong> und <strong>finanziell unabh\u00e4ngig <\/strong>werden? Dann ist jetzt der richtige Zeitpunkt, um den ersten Schritt zu machen.<\/p>\n\n\n\n<p>Ja, ich m\u00f6chte mein Business gr\u00fcnden! Jetzt <a href=\"https:\/\/mentalcoachbern.ch\/wordpress\/?page_id=78\" target=\"_blank\" rel=\"noreferrer noopener\">unverbindliches Erstgespr\u00e4ch vereinbaren<\/a><\/p>\n\n\n\n<p><\/p>\n","protected":false},"excerpt":{"rendered":"<p>Dein Traum vom eigenen Business: So startest Du erfolgreich durch! Viele Menschen tr\u00e4umen davon, ihre Leidenschaft zum Beruf zu machen, doch der Schritt in die &hellip;<\/p>\n","protected":false},"author":1,"featured_media":2494,"parent":2439,"menu_order":0,"comment_status":"closed","ping_status":"closed","template":"","meta":{"footnotes":""},"class_list":["post-1959","page","type-page","status-publish","has-post-thumbnail","hentry"],"yoast_head":"<!-- This site is optimized with the Yoast SEO plugin v27.5 - https:\/\/yoast.com\/product\/yoast-seo-wordpress\/ -->\n<title>Eigenes Business aufbauen - MENTALCOACHBERN<\/title>\n<meta name=\"description\" content=\"Erreiche deine Ziele mit eigenem Startup schneller und einfacher mit einem individuellen Business Coaching.\" \/>\n<meta name=\"robots\" content=\"index, follow, max-snippet:-1, max-image-preview:large, max-video-preview:-1\" \/>\n<link rel=\"canonical\" href=\"https:\/\/mentalcoachbern.ch\/wordpress\/?page_id=1959\" \/>\n<meta property=\"og:locale\" content=\"de_DE\" \/>\n<meta property=\"og:type\" content=\"article\" \/>\n<meta property=\"og:title\" content=\"Eigenes Business aufbauen - MENTALCOACHBERN\" \/>\n<meta property=\"og:description\" content=\"Erreiche deine Ziele mit eigenem Startup schneller und einfacher mit einem individuellen Business Coaching.\" \/>\n<meta property=\"og:url\" content=\"https:\/\/mentalcoachbern.ch\/wordpress\/?page_id=1959\" \/>\n<meta property=\"og:site_name\" content=\"MENTALCOACHBERN\" \/>\n<meta property=\"article:modified_time\" content=\"2025-12-09T05:48:39+00:00\" \/>\n<meta property=\"og:image\" content=\"https:\/\/mentalcoachbern.ch\/wordpress\/wp-content\/uploads\/2025\/12\/mcb_21.png\" \/>\n\t<meta property=\"og:image:width\" content=\"1\" \/>\n\t<meta property=\"og:image:height\" content=\"1\" \/>\n\t<meta property=\"og:image:type\" content=\"image\/png\" \/>\n<meta name=\"twitter:label1\" content=\"Gesch\u00e4tzte Lesezeit\" \/>\n\t<meta name=\"twitter:data1\" content=\"3\u00a0Minuten\" \/>\n<script type=\"application\/ld+json\" class=\"yoast-schema-graph\">{\"@context\":\"https:\\\/\\\/schema.org\",\"@graph\":[{\"@type\":\"WebPage\",\"@id\":\"https:\\\/\\\/mentalcoachbern.ch\\\/wordpress\\\/?page_id=1959\",\"url\":\"https:\\\/\\\/mentalcoachbern.ch\\\/wordpress\\\/?page_id=1959\",\"name\":\"Eigenes Business aufbauen - MENTALCOACHBERN\",\"isPartOf\":{\"@id\":\"https:\\\/\\\/mentalcoachbern.ch\\\/wordpress\\\/#website\"},\"primaryImageOfPage\":{\"@id\":\"https:\\\/\\\/mentalcoachbern.ch\\\/wordpress\\\/?page_id=1959#primaryimage\"},\"image\":{\"@id\":\"https:\\\/\\\/mentalcoachbern.ch\\\/wordpress\\\/?page_id=1959#primaryimage\"},\"thumbnailUrl\":\"https:\\\/\\\/mentalcoachbern.ch\\\/wordpress\\\/wp-content\\\/uploads\\\/2025\\\/12\\\/mcb_21.png\",\"datePublished\":\"2024-09-28T06:46:23+00:00\",\"dateModified\":\"2025-12-09T05:48:39+00:00\",\"description\":\"Erreiche deine Ziele mit eigenem Startup schneller und einfacher mit einem individuellen Business Coaching.\",\"breadcrumb\":{\"@id\":\"https:\\\/\\\/mentalcoachbern.ch\\\/wordpress\\\/?page_id=1959#breadcrumb\"},\"inLanguage\":\"de\",\"potentialAction\":[{\"@type\":\"ReadAction\",\"target\":[\"https:\\\/\\\/mentalcoachbern.ch\\\/wordpress\\\/?page_id=1959\"]}]},{\"@type\":\"ImageObject\",\"inLanguage\":\"de\",\"@id\":\"https:\\\/\\\/mentalcoachbern.ch\\\/wordpress\\\/?page_id=1959#primaryimage\",\"url\":\"https:\\\/\\\/mentalcoachbern.ch\\\/wordpress\\\/wp-content\\\/uploads\\\/2025\\\/12\\\/mcb_21.png\",\"contentUrl\":\"https:\\\/\\\/mentalcoachbern.ch\\\/wordpress\\\/wp-content\\\/uploads\\\/2025\\\/12\\\/mcb_21.png\"},{\"@type\":\"BreadcrumbList\",\"@id\":\"https:\\\/\\\/mentalcoachbern.ch\\\/wordpress\\\/?page_id=1959#breadcrumb\",\"itemListElement\":[{\"@type\":\"ListItem\",\"position\":1,\"name\":\"Home\",\"item\":\"https:\\\/\\\/mentalcoachbern.ch\\\/wordpress\\\/\"},{\"@type\":\"ListItem\",\"position\":2,\"name\":\"Coaching Angebote\",\"item\":\"https:\\\/\\\/mentalcoachbern.ch\\\/wordpress\\\/?page_id=2439\"},{\"@type\":\"ListItem\",\"position\":3,\"name\":\"Eigenes Business aufbauen\"}]},{\"@type\":\"WebSite\",\"@id\":\"https:\\\/\\\/mentalcoachbern.ch\\\/wordpress\\\/#website\",\"url\":\"https:\\\/\\\/mentalcoachbern.ch\\\/wordpress\\\/\",\"name\":\"MENTALCOACHBERN\",\"description\":\"Erfolg beginnt im Kopf - nutze dein volles Potential\",\"publisher\":{\"@id\":\"https:\\\/\\\/mentalcoachbern.ch\\\/wordpress\\\/#organization\"},\"alternateName\":\"Dein Mentalcoach in Bern\",\"potentialAction\":[{\"@type\":\"SearchAction\",\"target\":{\"@type\":\"EntryPoint\",\"urlTemplate\":\"https:\\\/\\\/mentalcoachbern.ch\\\/wordpress\\\/?s={search_term_string}\"},\"query-input\":{\"@type\":\"PropertyValueSpecification\",\"valueRequired\":true,\"valueName\":\"search_term_string\"}}],\"inLanguage\":\"de\"},{\"@type\":\"Organization\",\"@id\":\"https:\\\/\\\/mentalcoachbern.ch\\\/wordpress\\\/#organization\",\"name\":\"MENTALCOACHBERN\",\"alternateName\":\"Finde deinen Weg\",\"url\":\"https:\\\/\\\/mentalcoachbern.ch\\\/wordpress\\\/\",\"logo\":{\"@type\":\"ImageObject\",\"inLanguage\":\"de\",\"@id\":\"https:\\\/\\\/mentalcoachbern.ch\\\/wordpress\\\/#\\\/schema\\\/logo\\\/image\\\/\",\"url\":\"https:\\\/\\\/mentalcoachbern.ch\\\/wordpress\\\/wp-content\\\/uploads\\\/2021\\\/04\\\/ab_mcb1.png\",\"contentUrl\":\"https:\\\/\\\/mentalcoachbern.ch\\\/wordpress\\\/wp-content\\\/uploads\\\/2021\\\/04\\\/ab_mcb1.png\",\"width\":170,\"height\":203,\"caption\":\"MENTALCOACHBERN\"},\"image\":{\"@id\":\"https:\\\/\\\/mentalcoachbern.ch\\\/wordpress\\\/#\\\/schema\\\/logo\\\/image\\\/\"},\"sameAs\":[\"https:\\\/\\\/www.youtube.com\\\/watch?v=8uFwDTS6rEk\",\"https:\\\/\\\/www.linkedin.com\\\/in\\\/andr-brki-607909b2\\\/\"]}]}<\/script>\n<!-- \/ Yoast SEO plugin. -->","yoast_head_json":{"title":"Eigenes Business aufbauen - MENTALCOACHBERN","description":"Erreiche deine Ziele mit eigenem Startup schneller und einfacher mit einem individuellen Business Coaching.","robots":{"index":"index","follow":"follow","max-snippet":"max-snippet:-1","max-image-preview":"max-image-preview:large","max-video-preview":"max-video-preview:-1"},"canonical":"https:\/\/mentalcoachbern.ch\/wordpress\/?page_id=1959","og_locale":"de_DE","og_type":"article","og_title":"Eigenes Business aufbauen - MENTALCOACHBERN","og_description":"Erreiche deine Ziele mit eigenem Startup schneller und einfacher mit einem individuellen Business Coaching.","og_url":"https:\/\/mentalcoachbern.ch\/wordpress\/?page_id=1959","og_site_name":"MENTALCOACHBERN","article_modified_time":"2025-12-09T05:48:39+00:00","og_image":[{"url":"https:\/\/mentalcoachbern.ch\/wordpress\/wp-content\/uploads\/2025\/12\/mcb_21.png","width":1,"height":1,"type":"image\/png"}],"twitter_misc":{"Gesch\u00e4tzte Lesezeit":"3\u00a0Minuten"},"schema":{"@context":"https:\/\/schema.org","@graph":[{"@type":"WebPage","@id":"https:\/\/mentalcoachbern.ch\/wordpress\/?page_id=1959","url":"https:\/\/mentalcoachbern.ch\/wordpress\/?page_id=1959","name":"Eigenes Business aufbauen - MENTALCOACHBERN","isPartOf":{"@id":"https:\/\/mentalcoachbern.ch\/wordpress\/#website"},"primaryImageOfPage":{"@id":"https:\/\/mentalcoachbern.ch\/wordpress\/?page_id=1959#primaryimage"},"image":{"@id":"https:\/\/mentalcoachbern.ch\/wordpress\/?page_id=1959#primaryimage"},"thumbnailUrl":"https:\/\/mentalcoachbern.ch\/wordpress\/wp-content\/uploads\/2025\/12\/mcb_21.png","datePublished":"2024-09-28T06:46:23+00:00","dateModified":"2025-12-09T05:48:39+00:00","description":"Erreiche deine Ziele mit eigenem Startup schneller und einfacher mit einem individuellen Business Coaching.","breadcrumb":{"@id":"https:\/\/mentalcoachbern.ch\/wordpress\/?page_id=1959#breadcrumb"},"inLanguage":"de","potentialAction":[{"@type":"ReadAction","target":["https:\/\/mentalcoachbern.ch\/wordpress\/?page_id=1959"]}]},{"@type":"ImageObject","inLanguage":"de","@id":"https:\/\/mentalcoachbern.ch\/wordpress\/?page_id=1959#primaryimage","url":"https:\/\/mentalcoachbern.ch\/wordpress\/wp-content\/uploads\/2025\/12\/mcb_21.png","contentUrl":"https:\/\/mentalcoachbern.ch\/wordpress\/wp-content\/uploads\/2025\/12\/mcb_21.png"},{"@type":"BreadcrumbList","@id":"https:\/\/mentalcoachbern.ch\/wordpress\/?page_id=1959#breadcrumb","itemListElement":[{"@type":"ListItem","position":1,"name":"Home","item":"https:\/\/mentalcoachbern.ch\/wordpress\/"},{"@type":"ListItem","position":2,"name":"Coaching Angebote","item":"https:\/\/mentalcoachbern.ch\/wordpress\/?page_id=2439"},{"@type":"ListItem","position":3,"name":"Eigenes Business aufbauen"}]},{"@type":"WebSite","@id":"https:\/\/mentalcoachbern.ch\/wordpress\/#website","url":"https:\/\/mentalcoachbern.ch\/wordpress\/","name":"MENTALCOACHBERN","description":"Erfolg beginnt im Kopf - nutze dein volles Potential","publisher":{"@id":"https:\/\/mentalcoachbern.ch\/wordpress\/#organization"},"alternateName":"Dein Mentalcoach in Bern","potentialAction":[{"@type":"SearchAction","target":{"@type":"EntryPoint","urlTemplate":"https:\/\/mentalcoachbern.ch\/wordpress\/?s={search_term_string}"},"query-input":{"@type":"PropertyValueSpecification","valueRequired":true,"valueName":"search_term_string"}}],"inLanguage":"de"},{"@type":"Organization","@id":"https:\/\/mentalcoachbern.ch\/wordpress\/#organization","name":"MENTALCOACHBERN","alternateName":"Finde deinen Weg","url":"https:\/\/mentalcoachbern.ch\/wordpress\/","logo":{"@type":"ImageObject","inLanguage":"de","@id":"https:\/\/mentalcoachbern.ch\/wordpress\/#\/schema\/logo\/image\/","url":"https:\/\/mentalcoachbern.ch\/wordpress\/wp-content\/uploads\/2021\/04\/ab_mcb1.png","contentUrl":"https:\/\/mentalcoachbern.ch\/wordpress\/wp-content\/uploads\/2021\/04\/ab_mcb1.png","width":170,"height":203,"caption":"MENTALCOACHBERN"},"image":{"@id":"https:\/\/mentalcoachbern.ch\/wordpress\/#\/schema\/logo\/image\/"},"sameAs":["https:\/\/www.youtube.com\/watch?v=8uFwDTS6rEk","https:\/\/www.linkedin.com\/in\/andr-brki-607909b2\/"]}]}},"_links":{"self":[{"href":"https:\/\/mentalcoachbern.ch\/wordpress\/index.php?rest_route=\/wp\/v2\/pages\/1959","targetHints":{"allow":["GET"]}}],"collection":[{"href":"https:\/\/mentalcoachbern.ch\/wordpress\/index.php?rest_route=\/wp\/v2\/pages"}],"about":[{"href":"https:\/\/mentalcoachbern.ch\/wordpress\/index.php?rest_route=\/wp\/v2\/types\/page"}],"author":[{"embeddable":true,"href":"https:\/\/mentalcoachbern.ch\/wordpress\/index.php?rest_route=\/wp\/v2\/users\/1"}],"replies":[{"embeddable":true,"href":"https:\/\/mentalcoachbern.ch\/wordpress\/index.php?rest_route=%2Fwp%2Fv2%2Fcomments&post=1959"}],"version-history":[{"count":12,"href":"https:\/\/mentalcoachbern.ch\/wordpress\/index.php?rest_route=\/wp\/v2\/pages\/1959\/revisions"}],"predecessor-version":[{"id":2380,"href":"https:\/\/mentalcoachbern.ch\/wordpress\/index.php?rest_route=\/wp\/v2\/pages\/1959\/revisions\/2380"}],"up":[{"embeddable":true,"href":"https:\/\/mentalcoachbern.ch\/wordpress\/index.php?rest_route=\/wp\/v2\/pages\/2439"}],"wp:featuredmedia":[{"embeddable":true,"href":"https:\/\/mentalcoachbern.ch\/wordpress\/index.php?rest_route=\/wp\/v2\/media\/2494"}],"wp:attachment":[{"href":"https:\/\/mentalcoachbern.ch\/wordpress\/index.php?rest_route=%2Fwp%2Fv2%2Fmedia&parent=1959"}],"curies":[{"name":"wp","href":"https:\/\/api.w.org\/{rel}","templated":true}]}}