{"id":1905,"date":"2024-07-02T19:01:06","date_gmt":"2024-07-02T19:01:06","guid":{"rendered":"https:\/\/mentalcoachbern.ch\/wordpress\/?page_id=1905"},"modified":"2025-12-09T05:59:12","modified_gmt":"2025-12-09T05:59:12","slug":"systemisches-coaching","status":"publish","type":"page","link":"https:\/\/mentalcoachbern.ch\/wordpress\/?page_id=1905","title":{"rendered":"Ablauf Mentalcoaching"},"content":{"rendered":"\n<p><br><\/p>\n\n\n\n<hr class=\"wp-block-separator has-alpha-channel-opacity\"\/>\n\n\n\n<h2 class=\"wp-block-heading\"><strong>Dein Weg zu innerer St\u00e4rke: So funktioniert dein Mentalcoaching<\/strong><\/h2>\n\n\n\n<p>Manchmal k\u00f6nnen zum Ablauf eines systemischen Coachings Fragen entstehen. Deshalb m\u00f6chte ich dir hier transparent aufzeigen, wie dein pers\u00f6nlicher Entwicklungsprozess bei mir aussieht. Jeder Schritt ist darauf ausgelegt, dich effektiv zu unterst\u00fctzen und dir dabei zu helfen, deine Ziele zu erreichen.<\/p>\n\n\n\n<hr class=\"wp-block-separator has-alpha-channel-opacity\"\/>\n\n\n\n<h3 class=\"wp-block-heading\"><strong>Schritt 1: Dein Startpunkt \u2013 Wo stehst Du heute?<\/strong><\/h3>\n\n\n\n<p>Am Anfang steht ein offenes Gespr\u00e4ch. Wir nehmen uns Zeit, deine aktuelle Situation genau zu betrachten: Was sind deine <strong>Ziele, W\u00fcnsche und die Herausforderungen<\/strong>, die Du aktuell meistern m\u00f6chtest? Gemeinsam ermitteln wir, wo Du in Bezug auf deine <strong>mentale St\u00e4rke und Leistungsf\u00e4higkeit<\/strong> stehst. Dies ist dein pers\u00f6nlicher Ausgangspunkt f\u00fcr positive Ver\u00e4nderungen.<\/p>\n\n\n\n<hr class=\"wp-block-separator has-alpha-channel-opacity\"\/>\n\n\n\n<h3 class=\"wp-block-heading\"><strong>Schritt 2: Klare Ziele definieren \u2013 Wohin soll die Reise gehen?<\/strong><\/h3>\n\n\n\n<p>Hier geht es darum, deine Vision zu konkretisieren. Wir definieren <strong>gemeinsam klare, inspirierende und erreichbare Ziele<\/strong>, die Du mit dem Mentalcoaching erreichen m\u00f6chtest. Wir stellen sicher, dass diese Ziele <strong>SMART<\/strong> sind \u2013 <strong>S<\/strong>pezifisch, <strong>M<\/strong>essbar, <strong>A<\/strong>ttraktiv, <strong>R<\/strong>ealistisch und <strong>T<\/strong>erminiert. So hast Du immer einen klaren Fokus und weisst genau, worauf Du hinarbeitest.<\/p>\n\n\n\n<hr class=\"wp-block-separator has-alpha-channel-opacity\"\/>\n\n\n\n<h3 class=\"wp-block-heading\"><strong>Schritt 3: Blockaden erkennen \u2013 Was h\u00e4lt dich zur\u00fcck?<\/strong><\/h3>\n\n\n\n<p>Oft sind es unbewusste Muster, die uns bremsen. Ich unterst\u00fctze dich dabei, <strong>negative Denkmuster und einschr\u00e4nkende Glaubenss\u00e4tze zu identifizieren<\/strong>, die dich daran hindern, dein volles Potenzial zu leben. Ob es \u00c4ngste, Selbstzweifel oder alte Gewohnheiten sind \u2013 wir bringen sie ans Licht, um sie dann gezielt anzugehen.<\/p>\n\n\n\n<hr class=\"wp-block-separator has-alpha-channel-opacity\"\/>\n\n\n\n<h3 class=\"wp-block-heading\"><strong>Schritt 4: Blockaden aufl\u00f6sen \u2013 Der Weg zur inneren Freiheit<\/strong><\/h3>\n\n\n\n<p>Sobald wir deine Blockaden erkannt haben, arbeiten wir gemeinsam daran, diese nachhaltig aufzul\u00f6sen. Dabei setze ich auf eine Vielzahl <strong>bew\u00e4hrter und wissenschaftlich fundierter Techniken<\/strong> wie Selbstreflexion, Visualisierung, positive Affirmationen, NLP (Neurolinguistisches Programmieren) oder Hypnose. So lernst Du, dich von dem zu befreien, was dich bremst.<\/p>\n\n\n\n<p><\/p>\n\n\n\n<h3 class=\"wp-block-heading\"><strong>Schritt 5: St\u00e4rkende Glaubenss\u00e4tze entwickeln \u2013 deine neue innere Kraft<\/strong><\/h3>\n\n\n\n<p>Erst nach der Aufl\u00f6sung von Blockaden ist Raum f\u00fcr Neues. Gemeinsam entwickeln wir <strong>starke, motivierende und positive Glaubenss\u00e4tze<\/strong>, die dich aktiv auf deinem Weg zum Erfolg unterst\u00fctzen. Diese neuen inneren \u00dcberzeugungen werden zu deinem pers\u00f6nlichen Kompass und f\u00fchren dich sicher zu deinen Zielen.<\/p>\n\n\n\n<h3 class=\"wp-block-heading\"><strong>Schritt 6: Mentale F\u00e4higkeiten trainieren \u2013 dein Werkzeugkasten f\u00fcr den Alltag<\/strong><\/h3>\n\n\n\n<p>Mentalst\u00e4rke ist wie ein Muskel: Sie l\u00e4sst sich trainieren! Du erlernst und \u00fcbst verschiedene mentale F\u00e4higkeiten gezielt, die dir dabei helfen, deine Ziele nicht nur zu erreichen, sondern auch langfristig zu halten. Dazu geh\u00f6ren beispielsweise eine <strong>gesteigerte Konzentrationsf\u00e4higkeit, nachhaltige Motivation, effektives Stressmanagement, unersch\u00fctterliches Selbstvertrauen und Willenskraft<\/strong>. Diese Werkzeuge werden dir auch \u00fcber das Coaching hinaus im Alltag n\u00fctzlich sein.<\/p>\n\n\n\n<h3 class=\"wp-block-heading\"><strong>Schritt 7: Umsetzung und langfristiger Erfolg \u2013 Bleibe auf Kurs!<\/strong><\/h3>\n\n\n\n<p>Die gr\u00f6\u00dfte <strong>Ver\u00e4nderung findet im Alltag statt<\/strong>. Du wendest die im Mentalcoaching erlernten Techniken und Strategien gezielt in deinem Leben an. Ich begleite dich weiterhin als dein pers\u00f6nlicher Mentalcoach, stehe dir bei Fragen zur Seite und wir \u00fcberpr\u00fcfen gemeinsam deine <strong>Fortschritte<\/strong>. So stellen wir sicher, dass du auf dem richtigen Weg bleibst und deine <strong>Erfolge<\/strong> nachhaltig sind.<\/p>\n\n\n\n<p class=\"has-text-align-center\"><a href=\"https:\/\/mentalcoachbern.ch\/wordpress\/?page_id=78\" target=\"_blank\" rel=\"noreferrer noopener\">unverbindliches Kennenlerngespr\u00e4ch vereinbaren<\/a><\/p>\n\n\n<div class=\"wp-block-image is-style-rounded\">\n<figure class=\"aligncenter size-full\"><a href=\"https:\/\/mentalcoachbern.ch\/wordpress\/wp-content\/uploads\/2025\/03\/mcb_quadrat12.png\"><img loading=\"lazy\" decoding=\"async\" width=\"431\" height=\"412\" src=\"https:\/\/mentalcoachbern.ch\/wordpress\/wp-content\/uploads\/2025\/03\/mcb_quadrat12.png\" alt=\"\" class=\"wp-image-2107\"\/><\/a><\/figure>\n<\/div>","protected":false},"excerpt":{"rendered":"<p>Dein Weg zu innerer St\u00e4rke: So funktioniert dein Mentalcoaching Manchmal k\u00f6nnen zum Ablauf eines systemischen Coachings Fragen entstehen. Deshalb m\u00f6chte ich dir hier transparent aufzeigen, &hellip;<\/p>\n","protected":false},"author":1,"featured_media":2001,"parent":2439,"menu_order":-1,"comment_status":"closed","ping_status":"closed","template":"","meta":{"footnotes":""},"class_list":["post-1905","page","type-page","status-publish","has-post-thumbnail","hentry"],"yoast_head":"<!-- This site is optimized with the Yoast SEO plugin v27.5 - https:\/\/yoast.com\/product\/yoast-seo-wordpress\/ -->\n<title>Ablauf Mentalcoaching - MENTALCOACHBERN<\/title>\n<meta name=\"description\" content=\"Bereit f\u00fcr neue Herausforderungen? Mental Coaching unterst\u00fctzt dich dabei, neue Perspektiven zu gewinnen und L\u00f6sungen zu finden.\" \/>\n<meta name=\"robots\" content=\"index, follow, max-snippet:-1, max-image-preview:large, max-video-preview:-1\" \/>\n<link rel=\"canonical\" href=\"https:\/\/mentalcoachbern.ch\/wordpress\/?page_id=1905\" \/>\n<meta property=\"og:locale\" content=\"de_DE\" \/>\n<meta property=\"og:type\" content=\"article\" \/>\n<meta property=\"og:title\" content=\"Ablauf Mentalcoaching - MENTALCOACHBERN\" \/>\n<meta property=\"og:description\" content=\"Bereit f\u00fcr neue Herausforderungen? Mental Coaching unterst\u00fctzt dich dabei, neue Perspektiven zu gewinnen und L\u00f6sungen zu finden.\" \/>\n<meta property=\"og:url\" content=\"https:\/\/mentalcoachbern.ch\/wordpress\/?page_id=1905\" \/>\n<meta property=\"og:site_name\" content=\"MENTALCOACHBERN\" \/>\n<meta property=\"article:modified_time\" content=\"2025-12-09T05:59:12+00:00\" \/>\n<meta property=\"og:image\" content=\"https:\/\/mentalcoachbern.ch\/wordpress\/wp-content\/uploads\/2024\/12\/MENTALCOACHBERN-logos_black.png\" \/>\n\t<meta property=\"og:image:width\" content=\"1200\" \/>\n\t<meta property=\"og:image:height\" content=\"1200\" \/>\n\t<meta property=\"og:image:type\" content=\"image\/png\" \/>\n<meta name=\"twitter:label1\" content=\"Gesch\u00e4tzte Lesezeit\" \/>\n\t<meta name=\"twitter:data1\" content=\"3\u00a0Minuten\" \/>\n<script type=\"application\/ld+json\" class=\"yoast-schema-graph\">{\"@context\":\"https:\\\/\\\/schema.org\",\"@graph\":[{\"@type\":\"WebPage\",\"@id\":\"https:\\\/\\\/mentalcoachbern.ch\\\/wordpress\\\/?page_id=1905\",\"url\":\"https:\\\/\\\/mentalcoachbern.ch\\\/wordpress\\\/?page_id=1905\",\"name\":\"Ablauf Mentalcoaching - MENTALCOACHBERN\",\"isPartOf\":{\"@id\":\"https:\\\/\\\/mentalcoachbern.ch\\\/wordpress\\\/#website\"},\"primaryImageOfPage\":{\"@id\":\"https:\\\/\\\/mentalcoachbern.ch\\\/wordpress\\\/?page_id=1905#primaryimage\"},\"image\":{\"@id\":\"https:\\\/\\\/mentalcoachbern.ch\\\/wordpress\\\/?page_id=1905#primaryimage\"},\"thumbnailUrl\":\"https:\\\/\\\/mentalcoachbern.ch\\\/wordpress\\\/wp-content\\\/uploads\\\/2024\\\/12\\\/MENTALCOACHBERN-logos_black.png\",\"datePublished\":\"2024-07-02T19:01:06+00:00\",\"dateModified\":\"2025-12-09T05:59:12+00:00\",\"description\":\"Bereit f\u00fcr neue Herausforderungen? Mental Coaching unterst\u00fctzt dich dabei, neue Perspektiven zu gewinnen und L\u00f6sungen zu finden.\",\"breadcrumb\":{\"@id\":\"https:\\\/\\\/mentalcoachbern.ch\\\/wordpress\\\/?page_id=1905#breadcrumb\"},\"inLanguage\":\"de\",\"potentialAction\":[{\"@type\":\"ReadAction\",\"target\":[\"https:\\\/\\\/mentalcoachbern.ch\\\/wordpress\\\/?page_id=1905\"]}]},{\"@type\":\"ImageObject\",\"inLanguage\":\"de\",\"@id\":\"https:\\\/\\\/mentalcoachbern.ch\\\/wordpress\\\/?page_id=1905#primaryimage\",\"url\":\"https:\\\/\\\/mentalcoachbern.ch\\\/wordpress\\\/wp-content\\\/uploads\\\/2024\\\/12\\\/MENTALCOACHBERN-logos_black.png\",\"contentUrl\":\"https:\\\/\\\/mentalcoachbern.ch\\\/wordpress\\\/wp-content\\\/uploads\\\/2024\\\/12\\\/MENTALCOACHBERN-logos_black.png\",\"width\":1200,\"height\":1200},{\"@type\":\"BreadcrumbList\",\"@id\":\"https:\\\/\\\/mentalcoachbern.ch\\\/wordpress\\\/?page_id=1905#breadcrumb\",\"itemListElement\":[{\"@type\":\"ListItem\",\"position\":1,\"name\":\"Home\",\"item\":\"https:\\\/\\\/mentalcoachbern.ch\\\/wordpress\\\/\"},{\"@type\":\"ListItem\",\"position\":2,\"name\":\"Coaching Angebote\",\"item\":\"https:\\\/\\\/mentalcoachbern.ch\\\/wordpress\\\/?page_id=2439\"},{\"@type\":\"ListItem\",\"position\":3,\"name\":\"Ablauf Mentalcoaching\"}]},{\"@type\":\"WebSite\",\"@id\":\"https:\\\/\\\/mentalcoachbern.ch\\\/wordpress\\\/#website\",\"url\":\"https:\\\/\\\/mentalcoachbern.ch\\\/wordpress\\\/\",\"name\":\"MENTALCOACHBERN\",\"description\":\"Erfolg beginnt im Kopf - nutze dein volles Potential\",\"publisher\":{\"@id\":\"https:\\\/\\\/mentalcoachbern.ch\\\/wordpress\\\/#organization\"},\"alternateName\":\"Dein Mentalcoach in Bern\",\"potentialAction\":[{\"@type\":\"SearchAction\",\"target\":{\"@type\":\"EntryPoint\",\"urlTemplate\":\"https:\\\/\\\/mentalcoachbern.ch\\\/wordpress\\\/?s={search_term_string}\"},\"query-input\":{\"@type\":\"PropertyValueSpecification\",\"valueRequired\":true,\"valueName\":\"search_term_string\"}}],\"inLanguage\":\"de\"},{\"@type\":\"Organization\",\"@id\":\"https:\\\/\\\/mentalcoachbern.ch\\\/wordpress\\\/#organization\",\"name\":\"MENTALCOACHBERN\",\"alternateName\":\"Finde deinen Weg\",\"url\":\"https:\\\/\\\/mentalcoachbern.ch\\\/wordpress\\\/\",\"logo\":{\"@type\":\"ImageObject\",\"inLanguage\":\"de\",\"@id\":\"https:\\\/\\\/mentalcoachbern.ch\\\/wordpress\\\/#\\\/schema\\\/logo\\\/image\\\/\",\"url\":\"https:\\\/\\\/mentalcoachbern.ch\\\/wordpress\\\/wp-content\\\/uploads\\\/2021\\\/04\\\/ab_mcb1.png\",\"contentUrl\":\"https:\\\/\\\/mentalcoachbern.ch\\\/wordpress\\\/wp-content\\\/uploads\\\/2021\\\/04\\\/ab_mcb1.png\",\"width\":170,\"height\":203,\"caption\":\"MENTALCOACHBERN\"},\"image\":{\"@id\":\"https:\\\/\\\/mentalcoachbern.ch\\\/wordpress\\\/#\\\/schema\\\/logo\\\/image\\\/\"},\"sameAs\":[\"https:\\\/\\\/www.youtube.com\\\/watch?v=8uFwDTS6rEk\",\"https:\\\/\\\/www.linkedin.com\\\/in\\\/andr-brki-607909b2\\\/\"]}]}<\/script>\n<!-- \/ Yoast SEO plugin. -->","yoast_head_json":{"title":"Ablauf Mentalcoaching - MENTALCOACHBERN","description":"Bereit f\u00fcr neue Herausforderungen? Mental Coaching unterst\u00fctzt dich dabei, neue Perspektiven zu gewinnen und L\u00f6sungen zu finden.","robots":{"index":"index","follow":"follow","max-snippet":"max-snippet:-1","max-image-preview":"max-image-preview:large","max-video-preview":"max-video-preview:-1"},"canonical":"https:\/\/mentalcoachbern.ch\/wordpress\/?page_id=1905","og_locale":"de_DE","og_type":"article","og_title":"Ablauf Mentalcoaching - MENTALCOACHBERN","og_description":"Bereit f\u00fcr neue Herausforderungen? Mental Coaching unterst\u00fctzt dich dabei, neue Perspektiven zu gewinnen und L\u00f6sungen zu finden.","og_url":"https:\/\/mentalcoachbern.ch\/wordpress\/?page_id=1905","og_site_name":"MENTALCOACHBERN","article_modified_time":"2025-12-09T05:59:12+00:00","og_image":[{"width":1200,"height":1200,"url":"https:\/\/mentalcoachbern.ch\/wordpress\/wp-content\/uploads\/2024\/12\/MENTALCOACHBERN-logos_black.png","type":"image\/png"}],"twitter_misc":{"Gesch\u00e4tzte Lesezeit":"3\u00a0Minuten"},"schema":{"@context":"https:\/\/schema.org","@graph":[{"@type":"WebPage","@id":"https:\/\/mentalcoachbern.ch\/wordpress\/?page_id=1905","url":"https:\/\/mentalcoachbern.ch\/wordpress\/?page_id=1905","name":"Ablauf Mentalcoaching - MENTALCOACHBERN","isPartOf":{"@id":"https:\/\/mentalcoachbern.ch\/wordpress\/#website"},"primaryImageOfPage":{"@id":"https:\/\/mentalcoachbern.ch\/wordpress\/?page_id=1905#primaryimage"},"image":{"@id":"https:\/\/mentalcoachbern.ch\/wordpress\/?page_id=1905#primaryimage"},"thumbnailUrl":"https:\/\/mentalcoachbern.ch\/wordpress\/wp-content\/uploads\/2024\/12\/MENTALCOACHBERN-logos_black.png","datePublished":"2024-07-02T19:01:06+00:00","dateModified":"2025-12-09T05:59:12+00:00","description":"Bereit f\u00fcr neue Herausforderungen? Mental Coaching unterst\u00fctzt dich dabei, neue Perspektiven zu gewinnen und L\u00f6sungen zu finden.","breadcrumb":{"@id":"https:\/\/mentalcoachbern.ch\/wordpress\/?page_id=1905#breadcrumb"},"inLanguage":"de","potentialAction":[{"@type":"ReadAction","target":["https:\/\/mentalcoachbern.ch\/wordpress\/?page_id=1905"]}]},{"@type":"ImageObject","inLanguage":"de","@id":"https:\/\/mentalcoachbern.ch\/wordpress\/?page_id=1905#primaryimage","url":"https:\/\/mentalcoachbern.ch\/wordpress\/wp-content\/uploads\/2024\/12\/MENTALCOACHBERN-logos_black.png","contentUrl":"https:\/\/mentalcoachbern.ch\/wordpress\/wp-content\/uploads\/2024\/12\/MENTALCOACHBERN-logos_black.png","width":1200,"height":1200},{"@type":"BreadcrumbList","@id":"https:\/\/mentalcoachbern.ch\/wordpress\/?page_id=1905#breadcrumb","itemListElement":[{"@type":"ListItem","position":1,"name":"Home","item":"https:\/\/mentalcoachbern.ch\/wordpress\/"},{"@type":"ListItem","position":2,"name":"Coaching Angebote","item":"https:\/\/mentalcoachbern.ch\/wordpress\/?page_id=2439"},{"@type":"ListItem","position":3,"name":"Ablauf Mentalcoaching"}]},{"@type":"WebSite","@id":"https:\/\/mentalcoachbern.ch\/wordpress\/#website","url":"https:\/\/mentalcoachbern.ch\/wordpress\/","name":"MENTALCOACHBERN","description":"Erfolg beginnt im Kopf - nutze dein volles Potential","publisher":{"@id":"https:\/\/mentalcoachbern.ch\/wordpress\/#organization"},"alternateName":"Dein Mentalcoach in Bern","potentialAction":[{"@type":"SearchAction","target":{"@type":"EntryPoint","urlTemplate":"https:\/\/mentalcoachbern.ch\/wordpress\/?s={search_term_string}"},"query-input":{"@type":"PropertyValueSpecification","valueRequired":true,"valueName":"search_term_string"}}],"inLanguage":"de"},{"@type":"Organization","@id":"https:\/\/mentalcoachbern.ch\/wordpress\/#organization","name":"MENTALCOACHBERN","alternateName":"Finde deinen Weg","url":"https:\/\/mentalcoachbern.ch\/wordpress\/","logo":{"@type":"ImageObject","inLanguage":"de","@id":"https:\/\/mentalcoachbern.ch\/wordpress\/#\/schema\/logo\/image\/","url":"https:\/\/mentalcoachbern.ch\/wordpress\/wp-content\/uploads\/2021\/04\/ab_mcb1.png","contentUrl":"https:\/\/mentalcoachbern.ch\/wordpress\/wp-content\/uploads\/2021\/04\/ab_mcb1.png","width":170,"height":203,"caption":"MENTALCOACHBERN"},"image":{"@id":"https:\/\/mentalcoachbern.ch\/wordpress\/#\/schema\/logo\/image\/"},"sameAs":["https:\/\/www.youtube.com\/watch?v=8uFwDTS6rEk","https:\/\/www.linkedin.com\/in\/andr-brki-607909b2\/"]}]}},"_links":{"self":[{"href":"https:\/\/mentalcoachbern.ch\/wordpress\/index.php?rest_route=\/wp\/v2\/pages\/1905","targetHints":{"allow":["GET"]}}],"collection":[{"href":"https:\/\/mentalcoachbern.ch\/wordpress\/index.php?rest_route=\/wp\/v2\/pages"}],"about":[{"href":"https:\/\/mentalcoachbern.ch\/wordpress\/index.php?rest_route=\/wp\/v2\/types\/page"}],"author":[{"embeddable":true,"href":"https:\/\/mentalcoachbern.ch\/wordpress\/index.php?rest_route=\/wp\/v2\/users\/1"}],"replies":[{"embeddable":true,"href":"https:\/\/mentalcoachbern.ch\/wordpress\/index.php?rest_route=%2Fwp%2Fv2%2Fcomments&post=1905"}],"version-history":[{"count":20,"href":"https:\/\/mentalcoachbern.ch\/wordpress\/index.php?rest_route=\/wp\/v2\/pages\/1905\/revisions"}],"predecessor-version":[{"id":2358,"href":"https:\/\/mentalcoachbern.ch\/wordpress\/index.php?rest_route=\/wp\/v2\/pages\/1905\/revisions\/2358"}],"up":[{"embeddable":true,"href":"https:\/\/mentalcoachbern.ch\/wordpress\/index.php?rest_route=\/wp\/v2\/pages\/2439"}],"wp:featuredmedia":[{"embeddable":true,"href":"https:\/\/mentalcoachbern.ch\/wordpress\/index.php?rest_route=\/wp\/v2\/media\/2001"}],"wp:attachment":[{"href":"https:\/\/mentalcoachbern.ch\/wordpress\/index.php?rest_route=%2Fwp%2Fv2%2Fmedia&parent=1905"}],"curies":[{"name":"wp","href":"https:\/\/api.w.org\/{rel}","templated":true}]}}