{"id":101,"date":"2014-10-14T14:29:27","date_gmt":"2014-10-14T14:29:27","guid":{"rendered":"http:\/\/buerki.servertown.ch\/wordpress\/?page_id=101"},"modified":"2026-03-05T18:28:52","modified_gmt":"2026-03-05T18:28:52","slug":"links","status":"publish","type":"page","link":"https:\/\/mentalcoachbern.ch\/wordpress\/?page_id=101","title":{"rendered":"Dein Tor zu spannenden Ressourcen"},"content":{"rendered":"\n<p>Du bist auf der Suche nach Inspiration, tiefergehenden Informationen oder neuen Perspektiven ? Dann bist du hier genau richtig!<\/p>\n\n\n\n<p>Ich habe diese Seite speziell f\u00fcr dich erstellt, um dir eine handverlesene Sammlung <strong>spannender und wertvoller externer Webseiten <\/strong>zu pr\u00e4sentieren. Als jemand, der st\u00e4ndig auf der Suche nach den besten Ressourcen ist, teile ich hier meine pers\u00f6nlichen Empfehlungen mit dir. Sie k\u00f6nnen dir dabei helfen, dein Wissen zu erweitern, neue Ideen zu finden und deine Ziele zu erreichen.<\/p>\n\n\n\n<p>Jeder Link wurde sorgf\u00e4ltig ausgew\u00e4hlt, um dir einen echten Mehrwert zu bieten. Tauche ein in diese vielf\u00e4ltige Welt des Wissens und entdecke neue Horizonte, die dich auf deinem Weg voranbringen.<\/p>\n\n\n\n<p><strong>Lass dich inspirieren und finde neue M\u00f6glichkeiten!<\/strong><\/p>\n\n\n<p><a href=\"https:\/\/selbsthypnose.net\/Typentest\/test_-_start.htm\" target=\"_blank\" rel=\"noopener\">mache eine kurze Pers\u00f6nlichkeitsanalyse<\/a><\/p>\n<p><a href=\"http:\/\/www.nopalli.ch\/\" target=\"_blank\" rel=\"noopener noreferrer\">der letzte wahre Schamane<\/a><\/p>\n<p><a href=\"https:\/\/silviaboerlin.ch\/\" target=\"_blank\" rel=\"noopener\">Silvia Boerlin Energie-Coaching<\/a><\/p>\n<p><a href=\"https:\/\/www.meinlsonicenergy.ch\/\" target=\"_blank\" rel=\"noopener\">wunderbare Klanginstrumente aus Bolligen<\/a><\/p>\n<p><a href=\"https:\/\/www.raum-federleicht.ch\/\" target=\"_blank\" rel=\"noopener noreferrer\">Verw\u00f6hnmomente f\u00fcr deine F\u00fcsse und entspannende Massagen<\/a><\/p>\n<p><a href=\"http:\/\/www.fengshui-energie.ch\/index.html\" target=\"_blank\" rel=\"noopener noreferrer\">Feng Shui Energie und Raum, Farbkonzepte<\/a><\/p>\n<p><a title=\"tanznacht40\" href=\"http:\/\/www.tanznacht40.ch\" target=\"_blank\" rel=\"noopener noreferrer\">Tanznacht40 &#8211; Die stilvolle Disco f\u00fcr alle ab 40 Jahren<\/a><\/p>\n<p><a href=\"https:\/\/ch.jobsora.com\/\" target=\"_blank\" rel=\"noopener noreferrer\">Jobsora &#8211; Jobs in der Schweiz<\/a><\/p>\n<p><a href=\"https:\/\/crld.cc\/cg\/BWK9YC\" target=\"_blank\" rel=\"noopener\">Beteiligung an medizinaler Cannabisaufzucht in der Region Bern<\/a><\/p>\n<p><a href=\"https:\/\/www.swisspowertube.ch\/\" target=\"_blank\" rel=\"noopener\">Powertube Therapieger\u00e4t zum Selbstgebrauch <\/a><\/p>\n<p><a style=\"line-height: 1.5;\" href=\"http:\/\/www.servertown.ch\/webhosting-hosting\/?id=10704\" target=\"_blank\" rel=\"noopener noreferrer\"><img decoding=\"async\" title=\"Webhosting\" src=\"http:\/\/www.servertown.ch\/webhosting\/fsb1d.jpg\" alt=\"Webhosting\" border=\"0\" \/> professionell und kosteng\u00fcnstig<\/a><\/p>\n<div class=\"__ogtAlert hidden\">\n<div class=\"__ogtAlertContent\">Tipp: \u00d6ffne AGB und klick auf die Erweiterung<\/div>\n<div class=\"closeButton\"><img decoding=\"async\" src=\"chrome-extension:\/\/nfdlnmhmnhmablabpdddecffgalkcpmj\/icons\/close-custom.svg\" \/><\/div>\n<\/div>\n<div class=\"__ogtAlert hidden\">\n<div class=\"__ogtAlertContent\">Tipp: \u00d6ffne AGB und klick auf die Erweiterung<\/div>\n<div class=\"closeButton\"><img decoding=\"async\" src=\"chrome-extension:\/\/nfdlnmhmnhmablabpdddecffgalkcpmj\/icons\/close-custom.svg\" \/><\/div>\n<\/div>\n\n\n<p><\/p>\n","protected":false},"excerpt":{"rendered":"<p>Du bist auf der Suche nach Inspiration, tiefergehenden Informationen oder neuen Perspektiven ? Dann bist du hier genau richtig! Ich habe diese Seite speziell f\u00fcr &hellip;<\/p>\n","protected":false},"author":1,"featured_media":1214,"parent":11,"menu_order":5,"comment_status":"closed","ping_status":"closed","template":"","meta":{"footnotes":""},"class_list":["post-101","page","type-page","status-publish","has-post-thumbnail","hentry"],"yoast_head":"<!-- This site is optimized with the Yoast SEO plugin v27.3 - https:\/\/yoast.com\/product\/yoast-seo-wordpress\/ -->\n<title>Dein Tor zu spannenden Ressourcen - MENTALCOACHBERN<\/title>\n<meta name=\"description\" content=\"spannende Links f\u00fcr noch mehr Lebensfreude und die Vernetzung mit spannenden Menschen und deren Diensteleistungen via Internet\" \/>\n<meta name=\"robots\" content=\"index, follow, max-snippet:-1, max-image-preview:large, max-video-preview:-1\" \/>\n<link rel=\"canonical\" href=\"https:\/\/mentalcoachbern.ch\/wordpress\/?page_id=101\" \/>\n<meta property=\"og:locale\" content=\"de_DE\" \/>\n<meta property=\"og:type\" content=\"article\" \/>\n<meta property=\"og:title\" content=\"Dein Tor zu spannenden Ressourcen - MENTALCOACHBERN\" \/>\n<meta property=\"og:description\" content=\"spannende Links f\u00fcr noch mehr Lebensfreude und die Vernetzung mit spannenden Menschen und deren Diensteleistungen via Internet\" \/>\n<meta property=\"og:url\" content=\"https:\/\/mentalcoachbern.ch\/wordpress\/?page_id=101\" \/>\n<meta property=\"og:site_name\" content=\"MENTALCOACHBERN\" \/>\n<meta property=\"article:publisher\" content=\"https:\/\/www.facebook.com\/profile.php?id=100095329129195\" \/>\n<meta property=\"article:modified_time\" content=\"2026-03-05T18:28:52+00:00\" \/>\n<meta property=\"og:image\" content=\"https:\/\/mentalcoachbern.ch\/wordpress\/wp-content\/uploads\/2020\/12\/mcb_bg2.png\" \/>\n\t<meta property=\"og:image:width\" content=\"846\" \/>\n\t<meta property=\"og:image:height\" content=\"634\" \/>\n\t<meta property=\"og:image:type\" content=\"image\/png\" \/>\n<meta name=\"twitter:label1\" content=\"Gesch\u00e4tzte Lesezeit\" \/>\n\t<meta name=\"twitter:data1\" content=\"2\u00a0Minuten\" \/>\n<script type=\"application\/ld+json\" class=\"yoast-schema-graph\">{\"@context\":\"https:\\\/\\\/schema.org\",\"@graph\":[{\"@type\":\"WebPage\",\"@id\":\"https:\\\/\\\/mentalcoachbern.ch\\\/wordpress\\\/?page_id=101\",\"url\":\"https:\\\/\\\/mentalcoachbern.ch\\\/wordpress\\\/?page_id=101\",\"name\":\"Dein Tor zu spannenden Ressourcen - MENTALCOACHBERN\",\"isPartOf\":{\"@id\":\"https:\\\/\\\/mentalcoachbern.ch\\\/wordpress\\\/#website\"},\"primaryImageOfPage\":{\"@id\":\"https:\\\/\\\/mentalcoachbern.ch\\\/wordpress\\\/?page_id=101#primaryimage\"},\"image\":{\"@id\":\"https:\\\/\\\/mentalcoachbern.ch\\\/wordpress\\\/?page_id=101#primaryimage\"},\"thumbnailUrl\":\"https:\\\/\\\/mentalcoachbern.ch\\\/wordpress\\\/wp-content\\\/uploads\\\/2020\\\/12\\\/mcb_bg2.png\",\"datePublished\":\"2014-10-14T14:29:27+00:00\",\"dateModified\":\"2026-03-05T18:28:52+00:00\",\"description\":\"spannende Links f\u00fcr noch mehr Lebensfreude und die Vernetzung mit spannenden Menschen und deren Diensteleistungen via Internet\",\"breadcrumb\":{\"@id\":\"https:\\\/\\\/mentalcoachbern.ch\\\/wordpress\\\/?page_id=101#breadcrumb\"},\"inLanguage\":\"de\",\"potentialAction\":[{\"@type\":\"ReadAction\",\"target\":[\"https:\\\/\\\/mentalcoachbern.ch\\\/wordpress\\\/?page_id=101\"]}]},{\"@type\":\"ImageObject\",\"inLanguage\":\"de\",\"@id\":\"https:\\\/\\\/mentalcoachbern.ch\\\/wordpress\\\/?page_id=101#primaryimage\",\"url\":\"https:\\\/\\\/mentalcoachbern.ch\\\/wordpress\\\/wp-content\\\/uploads\\\/2020\\\/12\\\/mcb_bg2.png\",\"contentUrl\":\"https:\\\/\\\/mentalcoachbern.ch\\\/wordpress\\\/wp-content\\\/uploads\\\/2020\\\/12\\\/mcb_bg2.png\",\"width\":846,\"height\":634,\"caption\":\"Bluemenwiese\"},{\"@type\":\"BreadcrumbList\",\"@id\":\"https:\\\/\\\/mentalcoachbern.ch\\\/wordpress\\\/?page_id=101#breadcrumb\",\"itemListElement\":[{\"@type\":\"ListItem\",\"position\":1,\"name\":\"Home\",\"item\":\"https:\\\/\\\/mentalcoachbern.ch\\\/wordpress\\\/\"},{\"@type\":\"ListItem\",\"position\":2,\"name\":\"\u00dcber mich\",\"item\":\"https:\\\/\\\/mentalcoachbern.ch\\\/wordpress\\\/?page_id=11\"},{\"@type\":\"ListItem\",\"position\":3,\"name\":\"Dein Tor zu spannenden Ressourcen\"}]},{\"@type\":\"WebSite\",\"@id\":\"https:\\\/\\\/mentalcoachbern.ch\\\/wordpress\\\/#website\",\"url\":\"https:\\\/\\\/mentalcoachbern.ch\\\/wordpress\\\/\",\"name\":\"MENTALCOACHBERN\",\"description\":\"Erfolg beginnt im Kopf - nutze dein volles Potential\",\"publisher\":{\"@id\":\"https:\\\/\\\/mentalcoachbern.ch\\\/wordpress\\\/#organization\"},\"alternateName\":\"Dein Mentalcoach in Bern\",\"potentialAction\":[{\"@type\":\"SearchAction\",\"target\":{\"@type\":\"EntryPoint\",\"urlTemplate\":\"https:\\\/\\\/mentalcoachbern.ch\\\/wordpress\\\/?s={search_term_string}\"},\"query-input\":{\"@type\":\"PropertyValueSpecification\",\"valueRequired\":true,\"valueName\":\"search_term_string\"}}],\"inLanguage\":\"de\"},{\"@type\":\"Organization\",\"@id\":\"https:\\\/\\\/mentalcoachbern.ch\\\/wordpress\\\/#organization\",\"name\":\"MENTALCOACHBERN\",\"alternateName\":\"Finde deinen Weg\",\"url\":\"https:\\\/\\\/mentalcoachbern.ch\\\/wordpress\\\/\",\"logo\":{\"@type\":\"ImageObject\",\"inLanguage\":\"de\",\"@id\":\"https:\\\/\\\/mentalcoachbern.ch\\\/wordpress\\\/#\\\/schema\\\/logo\\\/image\\\/\",\"url\":\"https:\\\/\\\/mentalcoachbern.ch\\\/wordpress\\\/wp-content\\\/uploads\\\/2024\\\/12\\\/MENTALCOACHBERN-logos_black.png\",\"contentUrl\":\"https:\\\/\\\/mentalcoachbern.ch\\\/wordpress\\\/wp-content\\\/uploads\\\/2024\\\/12\\\/MENTALCOACHBERN-logos_black.png\",\"width\":1200,\"height\":1200,\"caption\":\"MENTALCOACHBERN\"},\"image\":{\"@id\":\"https:\\\/\\\/mentalcoachbern.ch\\\/wordpress\\\/#\\\/schema\\\/logo\\\/image\\\/\"},\"sameAs\":[\"https:\\\/\\\/www.facebook.com\\\/profile.php?id=100095329129195\",\"https:\\\/\\\/www.youtube.com\\\/watch?v=8uFwDTS6rEk\"]}]}<\/script>\n<!-- \/ Yoast SEO plugin. -->","yoast_head_json":{"title":"Dein Tor zu spannenden Ressourcen - MENTALCOACHBERN","description":"spannende Links f\u00fcr noch mehr Lebensfreude und die Vernetzung mit spannenden Menschen und deren Diensteleistungen via Internet","robots":{"index":"index","follow":"follow","max-snippet":"max-snippet:-1","max-image-preview":"max-image-preview:large","max-video-preview":"max-video-preview:-1"},"canonical":"https:\/\/mentalcoachbern.ch\/wordpress\/?page_id=101","og_locale":"de_DE","og_type":"article","og_title":"Dein Tor zu spannenden Ressourcen - MENTALCOACHBERN","og_description":"spannende Links f\u00fcr noch mehr Lebensfreude und die Vernetzung mit spannenden Menschen und deren Diensteleistungen via Internet","og_url":"https:\/\/mentalcoachbern.ch\/wordpress\/?page_id=101","og_site_name":"MENTALCOACHBERN","article_publisher":"https:\/\/www.facebook.com\/profile.php?id=100095329129195","article_modified_time":"2026-03-05T18:28:52+00:00","og_image":[{"width":846,"height":634,"url":"https:\/\/mentalcoachbern.ch\/wordpress\/wp-content\/uploads\/2020\/12\/mcb_bg2.png","type":"image\/png"}],"twitter_misc":{"Gesch\u00e4tzte Lesezeit":"2\u00a0Minuten"},"schema":{"@context":"https:\/\/schema.org","@graph":[{"@type":"WebPage","@id":"https:\/\/mentalcoachbern.ch\/wordpress\/?page_id=101","url":"https:\/\/mentalcoachbern.ch\/wordpress\/?page_id=101","name":"Dein Tor zu spannenden Ressourcen - MENTALCOACHBERN","isPartOf":{"@id":"https:\/\/mentalcoachbern.ch\/wordpress\/#website"},"primaryImageOfPage":{"@id":"https:\/\/mentalcoachbern.ch\/wordpress\/?page_id=101#primaryimage"},"image":{"@id":"https:\/\/mentalcoachbern.ch\/wordpress\/?page_id=101#primaryimage"},"thumbnailUrl":"https:\/\/mentalcoachbern.ch\/wordpress\/wp-content\/uploads\/2020\/12\/mcb_bg2.png","datePublished":"2014-10-14T14:29:27+00:00","dateModified":"2026-03-05T18:28:52+00:00","description":"spannende Links f\u00fcr noch mehr Lebensfreude und die Vernetzung mit spannenden Menschen und deren Diensteleistungen via Internet","breadcrumb":{"@id":"https:\/\/mentalcoachbern.ch\/wordpress\/?page_id=101#breadcrumb"},"inLanguage":"de","potentialAction":[{"@type":"ReadAction","target":["https:\/\/mentalcoachbern.ch\/wordpress\/?page_id=101"]}]},{"@type":"ImageObject","inLanguage":"de","@id":"https:\/\/mentalcoachbern.ch\/wordpress\/?page_id=101#primaryimage","url":"https:\/\/mentalcoachbern.ch\/wordpress\/wp-content\/uploads\/2020\/12\/mcb_bg2.png","contentUrl":"https:\/\/mentalcoachbern.ch\/wordpress\/wp-content\/uploads\/2020\/12\/mcb_bg2.png","width":846,"height":634,"caption":"Bluemenwiese"},{"@type":"BreadcrumbList","@id":"https:\/\/mentalcoachbern.ch\/wordpress\/?page_id=101#breadcrumb","itemListElement":[{"@type":"ListItem","position":1,"name":"Home","item":"https:\/\/mentalcoachbern.ch\/wordpress\/"},{"@type":"ListItem","position":2,"name":"\u00dcber mich","item":"https:\/\/mentalcoachbern.ch\/wordpress\/?page_id=11"},{"@type":"ListItem","position":3,"name":"Dein Tor zu spannenden Ressourcen"}]},{"@type":"WebSite","@id":"https:\/\/mentalcoachbern.ch\/wordpress\/#website","url":"https:\/\/mentalcoachbern.ch\/wordpress\/","name":"MENTALCOACHBERN","description":"Erfolg beginnt im Kopf - nutze dein volles Potential","publisher":{"@id":"https:\/\/mentalcoachbern.ch\/wordpress\/#organization"},"alternateName":"Dein Mentalcoach in Bern","potentialAction":[{"@type":"SearchAction","target":{"@type":"EntryPoint","urlTemplate":"https:\/\/mentalcoachbern.ch\/wordpress\/?s={search_term_string}"},"query-input":{"@type":"PropertyValueSpecification","valueRequired":true,"valueName":"search_term_string"}}],"inLanguage":"de"},{"@type":"Organization","@id":"https:\/\/mentalcoachbern.ch\/wordpress\/#organization","name":"MENTALCOACHBERN","alternateName":"Finde deinen Weg","url":"https:\/\/mentalcoachbern.ch\/wordpress\/","logo":{"@type":"ImageObject","inLanguage":"de","@id":"https:\/\/mentalcoachbern.ch\/wordpress\/#\/schema\/logo\/image\/","url":"https:\/\/mentalcoachbern.ch\/wordpress\/wp-content\/uploads\/2024\/12\/MENTALCOACHBERN-logos_black.png","contentUrl":"https:\/\/mentalcoachbern.ch\/wordpress\/wp-content\/uploads\/2024\/12\/MENTALCOACHBERN-logos_black.png","width":1200,"height":1200,"caption":"MENTALCOACHBERN"},"image":{"@id":"https:\/\/mentalcoachbern.ch\/wordpress\/#\/schema\/logo\/image\/"},"sameAs":["https:\/\/www.facebook.com\/profile.php?id=100095329129195","https:\/\/www.youtube.com\/watch?v=8uFwDTS6rEk"]}]}},"_links":{"self":[{"href":"https:\/\/mentalcoachbern.ch\/wordpress\/index.php?rest_route=\/wp\/v2\/pages\/101","targetHints":{"allow":["GET"]}}],"collection":[{"href":"https:\/\/mentalcoachbern.ch\/wordpress\/index.php?rest_route=\/wp\/v2\/pages"}],"about":[{"href":"https:\/\/mentalcoachbern.ch\/wordpress\/index.php?rest_route=\/wp\/v2\/types\/page"}],"author":[{"embeddable":true,"href":"https:\/\/mentalcoachbern.ch\/wordpress\/index.php?rest_route=\/wp\/v2\/users\/1"}],"replies":[{"embeddable":true,"href":"https:\/\/mentalcoachbern.ch\/wordpress\/index.php?rest_route=%2Fwp%2Fv2%2Fcomments&post=101"}],"version-history":[{"count":24,"href":"https:\/\/mentalcoachbern.ch\/wordpress\/index.php?rest_route=\/wp\/v2\/pages\/101\/revisions"}],"predecessor-version":[{"id":2529,"href":"https:\/\/mentalcoachbern.ch\/wordpress\/index.php?rest_route=\/wp\/v2\/pages\/101\/revisions\/2529"}],"up":[{"embeddable":true,"href":"https:\/\/mentalcoachbern.ch\/wordpress\/index.php?rest_route=\/wp\/v2\/pages\/11"}],"wp:featuredmedia":[{"embeddable":true,"href":"https:\/\/mentalcoachbern.ch\/wordpress\/index.php?rest_route=\/wp\/v2\/media\/1214"}],"wp:attachment":[{"href":"https:\/\/mentalcoachbern.ch\/wordpress\/index.php?rest_route=%2Fwp%2Fv2%2Fmedia&parent=101"}],"curies":[{"name":"wp","href":"https:\/\/api.w.org\/{rel}","templated":true}]}}